{"id":13153,"date":"2023-02-27T01:00:28","date_gmt":"2023-02-27T01:00:28","guid":{"rendered":"https:\/\/programit.ba\/services\/"},"modified":"2024-01-11T14:37:13","modified_gmt":"2024-01-11T13:37:13","slug":"usluge","status":"publish","type":"page","link":"https:\/\/programit.ba\/hr\/usluge\/","title":{"rendered":"Usluge"},"content":{"rendered":"\t\t<div data-elementor-type=\"wp-page\" data-elementor-id=\"13153\" class=\"elementor elementor-13153 elementor-2255\">\n\t\t\t\t\t\t<div class=\"elementor-inner\">\n\t\t\t\t<div class=\"elementor-section-wrap\">\n\t\t\t\t\t\t\t\t\t<section class=\"elementor-section elementor-top-section elementor-element elementor-element-6d9bd87 elementor-section-boxed elementor-section-height-default elementor-section-height-default\" data-id=\"6d9bd87\" data-element_type=\"section\">\n\t\t\t\t\t\t<div class=\"elementor-container elementor-column-gap-default\">\n\t\t\t\t\t\t\t<div class=\"elementor-row\">\n\t\t\t\t\t<div class=\"elementor-column elementor-col-33 elementor-top-column elementor-element elementor-element-4164f26\" data-id=\"4164f26\" data-element_type=\"column\">\n\t\t\t<div class=\"elementor-column-wrap elementor-element-populated\">\n\t\t\t\t\t\t\t<div class=\"elementor-widget-wrap\">\n\t\t\t\t\t\t<div class=\"elementor-element elementor-element-40aadb1 elementor-widget elementor-widget-image\" data-id=\"40aadb1\" data-element_type=\"widget\" data-widget_type=\"image.default\">\n\t\t\t\t<div class=\"elementor-widget-container\">\n\t\t\t\t\t\t\t\t<div class=\"elementor-image\">\n\t\t\t\t\t\t\t\t\t\t\t\t<img loading=\"lazy\" decoding=\"async\" width=\"1024\" height=\"682\" src=\"https:\/\/programit.ba\/wp-content\/uploads\/2024\/01\/statistics-3411473_1280-1024x682.jpg\" class=\"attachment-large size-large wp-image-12716\" alt=\"\" srcset=\"https:\/\/programit.ba\/wp-content\/uploads\/2024\/01\/statistics-3411473_1280-1024x682.jpg 1024w, https:\/\/programit.ba\/wp-content\/uploads\/2024\/01\/statistics-3411473_1280-300x200.jpg 300w, https:\/\/programit.ba\/wp-content\/uploads\/2024\/01\/statistics-3411473_1280-768x512.jpg 768w, https:\/\/programit.ba\/wp-content\/uploads\/2024\/01\/statistics-3411473_1280-765x510.jpg 765w, https:\/\/programit.ba\/wp-content\/uploads\/2024\/01\/statistics-3411473_1280-1170x780.jpg 1170w, https:\/\/programit.ba\/wp-content\/uploads\/2024\/01\/statistics-3411473_1280.jpg 1280w\" sizes=\"auto, (max-width: 1024px) 100vw, 1024px\" \/>\t\t\t\t\t\t\t\t\t\t\t\t\t\t<\/div>\n\t\t\t\t\t\t<\/div>\n\t\t\t\t<\/div>\n\t\t\t\t<section class=\"elementor-section elementor-inner-section elementor-element elementor-element-d18d00b elementor-section-boxed elementor-section-height-default elementor-section-height-default\" data-id=\"d18d00b\" data-element_type=\"section\">\n\t\t\t\t\t\t<div class=\"elementor-container elementor-column-gap-default\">\n\t\t\t\t\t\t\t<div class=\"elementor-row\">\n\t\t\t\t\t<div class=\"elementor-column elementor-col-100 elementor-inner-column elementor-element elementor-element-ec5381e\" data-id=\"ec5381e\" data-element_type=\"column\" data-settings=\"{&quot;background_background&quot;:&quot;classic&quot;}\">\n\t\t\t<div class=\"elementor-column-wrap elementor-element-populated\">\n\t\t\t\t\t\t\t<div class=\"elementor-widget-wrap\">\n\t\t\t\t\t\t<div class=\"elementor-element elementor-element-dcdd37c elementor-widget elementor-widget-heading\" data-id=\"dcdd37c\" data-element_type=\"widget\" data-widget_type=\"heading.default\">\n\t\t\t\t<div class=\"elementor-widget-container\">\n\t\t\t<div class=\"elementor-heading-title elementor-size-default\"><a href=\"https:\/\/programit.ba\/hr\/marketing\/\">Marketing<\/a><\/div>\t\t<\/div>\n\t\t\t\t<\/div>\n\t\t\t\t<div class=\"elementor-element elementor-element-d5954d3 elementor-widget elementor-widget-text-editor\" data-id=\"d5954d3\" data-element_type=\"widget\" data-widget_type=\"text-editor.default\">\n\t\t\t\t<div class=\"elementor-widget-container\">\n\t\t\t\t\t\t\t\t<div class=\"elementor-text-editor elementor-clearfix\">\n\t\t\t\t<p>Koristimo strate\u0161ke marketin\u0161ke taktike koje dokazano djeluju. Dru\u0161tvene mre\u017ee, Pay-per-click kampanje. Mi to mo\u017eemo sve!<\/p>\t\t\t\t\t<\/div>\n\t\t\t\t\t\t<\/div>\n\t\t\t\t<\/div>\n\t\t\t\t<div class=\"elementor-element elementor-element-f86a9c5 elementor-align-center elementor-widget elementor-widget-button\" data-id=\"f86a9c5\" data-element_type=\"widget\" data-widget_type=\"button.default\">\n\t\t\t\t<div class=\"elementor-widget-container\">\n\t\t\t\t\t<div class=\"elementor-button-wrapper\">\n\t\t\t<a class=\"elementor-button elementor-button-link elementor-size-sm\" href=\"https:\/\/programit.ba\/hr\/marketing\/\">\n\t\t\t\t\t\t<span class=\"elementor-button-content-wrapper\">\n\t\t\t\t\t\t<span class=\"elementor-button-text\">Pro\u010ditajte vi\u0161e<\/span>\n\t\t<\/span>\n\t\t\t\t\t<\/a>\n\t\t<\/div>\n\t\t\t\t<\/div>\n\t\t\t\t<\/div>\n\t\t\t\t\t\t<\/div>\n\t\t\t\t\t<\/div>\n\t\t<\/div>\n\t\t\t\t\t\t\t\t<\/div>\n\t\t\t\t\t<\/div>\n\t\t<\/section>\n\t\t\t\t\t\t<\/div>\n\t\t\t\t\t<\/div>\n\t\t<\/div>\n\t\t\t\t<div class=\"elementor-column elementor-col-33 elementor-top-column elementor-element elementor-element-f733c07\" data-id=\"f733c07\" data-element_type=\"column\">\n\t\t\t<div class=\"elementor-column-wrap elementor-element-populated\">\n\t\t\t\t\t\t\t<div class=\"elementor-widget-wrap\">\n\t\t\t\t\t\t<div class=\"elementor-element elementor-element-3700e1f elementor-widget elementor-widget-image\" data-id=\"3700e1f\" data-element_type=\"widget\" data-widget_type=\"image.default\">\n\t\t\t\t<div class=\"elementor-widget-container\">\n\t\t\t\t\t\t\t\t<div class=\"elementor-image\">\n\t\t\t\t\t\t\t\t\t\t\t\t<img loading=\"lazy\" decoding=\"async\" width=\"1024\" height=\"682\" src=\"https:\/\/programit.ba\/wp-content\/uploads\/2024\/01\/nova-1024x682.png\" class=\"attachment-large size-large wp-image-12718\" alt=\"\" srcset=\"https:\/\/programit.ba\/wp-content\/uploads\/2024\/01\/nova-1024x682.png 1024w, https:\/\/programit.ba\/wp-content\/uploads\/2024\/01\/nova-300x200.png 300w, https:\/\/programit.ba\/wp-content\/uploads\/2024\/01\/nova-768x512.png 768w, https:\/\/programit.ba\/wp-content\/uploads\/2024\/01\/nova-765x510.png 765w, https:\/\/programit.ba\/wp-content\/uploads\/2024\/01\/nova-1170x780.png 1170w, https:\/\/programit.ba\/wp-content\/uploads\/2024\/01\/nova.png 1280w\" sizes=\"auto, (max-width: 1024px) 100vw, 1024px\" \/>\t\t\t\t\t\t\t\t\t\t\t\t\t\t<\/div>\n\t\t\t\t\t\t<\/div>\n\t\t\t\t<\/div>\n\t\t\t\t<section class=\"elementor-section elementor-inner-section elementor-element elementor-element-0680c94 elementor-section-boxed elementor-section-height-default elementor-section-height-default\" data-id=\"0680c94\" data-element_type=\"section\">\n\t\t\t\t\t\t<div class=\"elementor-container elementor-column-gap-default\">\n\t\t\t\t\t\t\t<div class=\"elementor-row\">\n\t\t\t\t\t<div class=\"elementor-column elementor-col-100 elementor-inner-column elementor-element elementor-element-69fdea9\" data-id=\"69fdea9\" data-element_type=\"column\" data-settings=\"{&quot;background_background&quot;:&quot;classic&quot;}\">\n\t\t\t<div class=\"elementor-column-wrap elementor-element-populated\">\n\t\t\t\t\t\t\t<div class=\"elementor-widget-wrap\">\n\t\t\t\t\t\t<div class=\"elementor-element elementor-element-c5a18d5 elementor-widget elementor-widget-heading\" data-id=\"c5a18d5\" data-element_type=\"widget\" data-widget_type=\"heading.default\">\n\t\t\t\t<div class=\"elementor-widget-container\">\n\t\t\t<div class=\"elementor-heading-title elementor-size-default\"><a href=\"https:\/\/programit.ba\/hr\/razvoj\/\">Razvoj<\/a><\/div>\t\t<\/div>\n\t\t\t\t<\/div>\n\t\t\t\t<div class=\"elementor-element elementor-element-2fc32b0 elementor-widget elementor-widget-text-editor\" data-id=\"2fc32b0\" data-element_type=\"widget\" data-widget_type=\"text-editor.default\">\n\t\t\t\t<div class=\"elementor-widget-container\">\n\t\t\t\t\t\t\t\t<div class=\"elementor-text-editor elementor-clearfix\">\n\t\t\t\t<p>Prilago\u0111eno programiranje za najslo\u017eenije funkcije koje mo\u017eete smisliti. Nema vi\u0161e glavobolje! Usredoto\u010dite se na svoj posao i dopustite mu da brzo raste!<\/p>\t\t\t\t\t<\/div>\n\t\t\t\t\t\t<\/div>\n\t\t\t\t<\/div>\n\t\t\t\t<div class=\"elementor-element elementor-element-12202ff elementor-align-center elementor-widget elementor-widget-button\" data-id=\"12202ff\" data-element_type=\"widget\" data-widget_type=\"button.default\">\n\t\t\t\t<div class=\"elementor-widget-container\">\n\t\t\t\t\t<div class=\"elementor-button-wrapper\">\n\t\t\t<a class=\"elementor-button elementor-button-link elementor-size-sm\" href=\"https:\/\/programit.ba\/hr\/razvoj\/\">\n\t\t\t\t\t\t<span class=\"elementor-button-content-wrapper\">\n\t\t\t\t\t\t<span class=\"elementor-button-text\">Pro\u010ditajte vi\u0161e<\/span>\n\t\t<\/span>\n\t\t\t\t\t<\/a>\n\t\t<\/div>\n\t\t\t\t<\/div>\n\t\t\t\t<\/div>\n\t\t\t\t\t\t<\/div>\n\t\t\t\t\t<\/div>\n\t\t<\/div>\n\t\t\t\t\t\t\t\t<\/div>\n\t\t\t\t\t<\/div>\n\t\t<\/section>\n\t\t\t\t\t\t<\/div>\n\t\t\t\t\t<\/div>\n\t\t<\/div>\n\t\t\t\t<div class=\"elementor-column elementor-col-33 elementor-top-column elementor-element elementor-element-b315f62\" data-id=\"b315f62\" data-element_type=\"column\">\n\t\t\t<div class=\"elementor-column-wrap elementor-element-populated\">\n\t\t\t\t\t\t\t<div class=\"elementor-widget-wrap\">\n\t\t\t\t\t\t<div class=\"elementor-element elementor-element-e09d718 elementor-widget elementor-widget-image\" data-id=\"e09d718\" data-element_type=\"widget\" data-widget_type=\"image.default\">\n\t\t\t\t<div class=\"elementor-widget-container\">\n\t\t\t\t\t\t\t\t<div class=\"elementor-image\">\n\t\t\t\t\t\t\t\t\t\t\t\t<img loading=\"lazy\" decoding=\"async\" width=\"1024\" height=\"682\" src=\"https:\/\/programit.ba\/wp-content\/uploads\/2024\/01\/website-1624028_1280-1024x682.jpg\" class=\"attachment-large size-large wp-image-12719\" alt=\"\" srcset=\"https:\/\/programit.ba\/wp-content\/uploads\/2024\/01\/website-1624028_1280-1024x682.jpg 1024w, https:\/\/programit.ba\/wp-content\/uploads\/2024\/01\/website-1624028_1280-300x200.jpg 300w, https:\/\/programit.ba\/wp-content\/uploads\/2024\/01\/website-1624028_1280-768x512.jpg 768w, https:\/\/programit.ba\/wp-content\/uploads\/2024\/01\/website-1624028_1280-765x510.jpg 765w, https:\/\/programit.ba\/wp-content\/uploads\/2024\/01\/website-1624028_1280-1170x780.jpg 1170w, https:\/\/programit.ba\/wp-content\/uploads\/2024\/01\/website-1624028_1280.jpg 1280w\" sizes=\"auto, (max-width: 1024px) 100vw, 1024px\" \/>\t\t\t\t\t\t\t\t\t\t\t\t\t\t<\/div>\n\t\t\t\t\t\t<\/div>\n\t\t\t\t<\/div>\n\t\t\t\t<section class=\"elementor-section elementor-inner-section elementor-element elementor-element-f1ce59d elementor-section-boxed elementor-section-height-default elementor-section-height-default\" data-id=\"f1ce59d\" data-element_type=\"section\">\n\t\t\t\t\t\t<div class=\"elementor-container elementor-column-gap-default\">\n\t\t\t\t\t\t\t<div class=\"elementor-row\">\n\t\t\t\t\t<div class=\"elementor-column elementor-col-100 elementor-inner-column elementor-element elementor-element-3deec4f\" data-id=\"3deec4f\" data-element_type=\"column\" data-settings=\"{&quot;background_background&quot;:&quot;classic&quot;}\">\n\t\t\t<div class=\"elementor-column-wrap elementor-element-populated\">\n\t\t\t\t\t\t\t<div class=\"elementor-widget-wrap\">\n\t\t\t\t\t\t<div class=\"elementor-element elementor-element-7677cd7 elementor-widget elementor-widget-heading\" data-id=\"7677cd7\" data-element_type=\"widget\" data-widget_type=\"heading.default\">\n\t\t\t\t<div class=\"elementor-widget-container\">\n\t\t\t<div class=\"elementor-heading-title elementor-size-default\"><a href=\"https:\/\/programit.ba\/hr\/web-dizajn\/\">Web dizajn<\/a><\/div>\t\t<\/div>\n\t\t\t\t<\/div>\n\t\t\t\t<div class=\"elementor-element elementor-element-252d46d elementor-widget elementor-widget-text-editor\" data-id=\"252d46d\" data-element_type=\"widget\" data-widget_type=\"text-editor.default\">\n\t\t\t\t<div class=\"elementor-widget-container\">\n\t\t\t\t\t\t\t\t<div class=\"elementor-text-editor elementor-clearfix\">\n\t\t\t\t<p>Sna\u017ean web dizajn koji \u0107e nadma\u0161iti va\u0161e najja\u010de konkurente. Dopustite da vam u tome pomognemo. Nudimo Vam povoljna rje\u0161enja<\/p>\t\t\t\t\t<\/div>\n\t\t\t\t\t\t<\/div>\n\t\t\t\t<\/div>\n\t\t\t\t<div class=\"elementor-element elementor-element-e035556 elementor-align-center elementor-widget elementor-widget-button\" data-id=\"e035556\" data-element_type=\"widget\" data-widget_type=\"button.default\">\n\t\t\t\t<div class=\"elementor-widget-container\">\n\t\t\t\t\t<div class=\"elementor-button-wrapper\">\n\t\t\t<a class=\"elementor-button elementor-button-link elementor-size-sm\" href=\"https:\/\/programit.ba\/hr\/web-dizajn\/\">\n\t\t\t\t\t\t<span class=\"elementor-button-content-wrapper\">\n\t\t\t\t\t\t<span class=\"elementor-button-text\">Pro\u010ditajte vi\u0161e<\/span>\n\t\t<\/span>\n\t\t\t\t\t<\/a>\n\t\t<\/div>\n\t\t\t\t<\/div>\n\t\t\t\t<\/div>\n\t\t\t\t\t\t<\/div>\n\t\t\t\t\t<\/div>\n\t\t<\/div>\n\t\t\t\t\t\t\t\t<\/div>\n\t\t\t\t\t<\/div>\n\t\t<\/section>\n\t\t\t\t\t\t<\/div>\n\t\t\t\t\t<\/div>\n\t\t<\/div>\n\t\t\t\t\t\t\t\t<\/div>\n\t\t\t\t\t<\/div>\n\t\t<\/section>\n\t\t\t\t<section class=\"elementor-section elementor-top-section elementor-element elementor-element-4a18a4b elementor-section-boxed elementor-section-height-default elementor-section-height-default\" data-id=\"4a18a4b\" data-element_type=\"section\">\n\t\t\t\t\t\t<div class=\"elementor-container elementor-column-gap-default\">\n\t\t\t\t\t\t\t<div class=\"elementor-row\">\n\t\t\t\t\t<div class=\"elementor-column elementor-col-33 elementor-top-column elementor-element elementor-element-a8c4c1f\" data-id=\"a8c4c1f\" data-element_type=\"column\">\n\t\t\t<div class=\"elementor-column-wrap elementor-element-populated\">\n\t\t\t\t\t\t\t<div class=\"elementor-widget-wrap\">\n\t\t\t\t\t\t<div class=\"elementor-element elementor-element-35a6aec elementor-widget elementor-widget-image\" data-id=\"35a6aec\" data-element_type=\"widget\" data-widget_type=\"image.default\">\n\t\t\t\t<div class=\"elementor-widget-container\">\n\t\t\t\t\t\t\t\t<div class=\"elementor-image\">\n\t\t\t\t\t\t\t\t\t\t\t\t<img loading=\"lazy\" decoding=\"async\" width=\"1024\" height=\"682\" src=\"https:\/\/programit.ba\/wp-content\/uploads\/2024\/01\/seo-nova-1024x682.jpg\" class=\"attachment-large size-large wp-image-12720\" alt=\"\" srcset=\"https:\/\/programit.ba\/wp-content\/uploads\/2024\/01\/seo-nova-1024x682.jpg 1024w, https:\/\/programit.ba\/wp-content\/uploads\/2024\/01\/seo-nova-300x200.jpg 300w, https:\/\/programit.ba\/wp-content\/uploads\/2024\/01\/seo-nova-768x512.jpg 768w, https:\/\/programit.ba\/wp-content\/uploads\/2024\/01\/seo-nova-765x510.jpg 765w, https:\/\/programit.ba\/wp-content\/uploads\/2024\/01\/seo-nova-1170x780.jpg 1170w, https:\/\/programit.ba\/wp-content\/uploads\/2024\/01\/seo-nova.jpg 1280w\" sizes=\"auto, (max-width: 1024px) 100vw, 1024px\" \/>\t\t\t\t\t\t\t\t\t\t\t\t\t\t<\/div>\n\t\t\t\t\t\t<\/div>\n\t\t\t\t<\/div>\n\t\t\t\t<section class=\"elementor-section elementor-inner-section elementor-element elementor-element-1bef0da elementor-section-boxed elementor-section-height-default elementor-section-height-default\" data-id=\"1bef0da\" data-element_type=\"section\">\n\t\t\t\t\t\t<div class=\"elementor-container elementor-column-gap-default\">\n\t\t\t\t\t\t\t<div class=\"elementor-row\">\n\t\t\t\t\t<div class=\"elementor-column elementor-col-100 elementor-inner-column elementor-element elementor-element-0cf767c\" data-id=\"0cf767c\" data-element_type=\"column\" data-settings=\"{&quot;background_background&quot;:&quot;classic&quot;}\">\n\t\t\t<div class=\"elementor-column-wrap elementor-element-populated\">\n\t\t\t\t\t\t\t<div class=\"elementor-widget-wrap\">\n\t\t\t\t\t\t<div class=\"elementor-element elementor-element-55650c8 elementor-widget elementor-widget-heading\" data-id=\"55650c8\" data-element_type=\"widget\" data-widget_type=\"heading.default\">\n\t\t\t\t<div class=\"elementor-widget-container\">\n\t\t\t<div class=\"elementor-heading-title elementor-size-default\"><a href=\"https:\/\/programit.ba\/hr\/seo-optimizacija\/\">SEO optimizacija<\/a><\/div>\t\t<\/div>\n\t\t\t\t<\/div>\n\t\t\t\t<div class=\"elementor-element elementor-element-b93249c elementor-widget elementor-widget-text-editor\" data-id=\"b93249c\" data-element_type=\"widget\" data-widget_type=\"text-editor.default\">\n\t\t\t\t<div class=\"elementor-widget-container\">\n\t\t\t\t\t\t\t\t<div class=\"elementor-text-editor elementor-clearfix\">\n\t\t\t\t<p>Optimiziranje na\u0161ih web dizajna za rangiranje na prvoj stranici Googlea na\u0161a je specijalnost.<\/p>\t\t\t\t\t<\/div>\n\t\t\t\t\t\t<\/div>\n\t\t\t\t<\/div>\n\t\t\t\t<div class=\"elementor-element elementor-element-476dc95 elementor-align-center elementor-widget elementor-widget-button\" data-id=\"476dc95\" data-element_type=\"widget\" data-widget_type=\"button.default\">\n\t\t\t\t<div class=\"elementor-widget-container\">\n\t\t\t\t\t<div class=\"elementor-button-wrapper\">\n\t\t\t<a class=\"elementor-button elementor-button-link elementor-size-sm\" href=\"https:\/\/programit.ba\/hr\/seo-optimizacija\/\">\n\t\t\t\t\t\t<span class=\"elementor-button-content-wrapper\">\n\t\t\t\t\t\t<span class=\"elementor-button-text\">Pro\u010ditajte vi\u0161e<\/span>\n\t\t<\/span>\n\t\t\t\t\t<\/a>\n\t\t<\/div>\n\t\t\t\t<\/div>\n\t\t\t\t<\/div>\n\t\t\t\t\t\t<\/div>\n\t\t\t\t\t<\/div>\n\t\t<\/div>\n\t\t\t\t\t\t\t\t<\/div>\n\t\t\t\t\t<\/div>\n\t\t<\/section>\n\t\t\t\t\t\t<\/div>\n\t\t\t\t\t<\/div>\n\t\t<\/div>\n\t\t\t\t<div class=\"elementor-column elementor-col-33 elementor-top-column elementor-element elementor-element-d475b8e\" data-id=\"d475b8e\" data-element_type=\"column\">\n\t\t\t<div class=\"elementor-column-wrap elementor-element-populated\">\n\t\t\t\t\t\t\t<div class=\"elementor-widget-wrap\">\n\t\t\t\t\t\t<div class=\"elementor-element elementor-element-6599bf8 elementor-widget elementor-widget-image\" data-id=\"6599bf8\" data-element_type=\"widget\" data-widget_type=\"image.default\">\n\t\t\t\t<div class=\"elementor-widget-container\">\n\t\t\t\t\t\t\t\t<div class=\"elementor-image\">\n\t\t\t\t\t\t\t\t\t\t\t\t<img loading=\"lazy\" decoding=\"async\" width=\"1024\" height=\"682\" src=\"https:\/\/programit.ba\/wp-content\/uploads\/2024\/01\/e-commerce-1606962_1280-1024x682.jpg\" class=\"attachment-large size-large wp-image-12721\" alt=\"\" srcset=\"https:\/\/programit.ba\/wp-content\/uploads\/2024\/01\/e-commerce-1606962_1280-1024x682.jpg 1024w, https:\/\/programit.ba\/wp-content\/uploads\/2024\/01\/e-commerce-1606962_1280-300x200.jpg 300w, https:\/\/programit.ba\/wp-content\/uploads\/2024\/01\/e-commerce-1606962_1280-768x512.jpg 768w, https:\/\/programit.ba\/wp-content\/uploads\/2024\/01\/e-commerce-1606962_1280-765x510.jpg 765w, https:\/\/programit.ba\/wp-content\/uploads\/2024\/01\/e-commerce-1606962_1280-1170x780.jpg 1170w, https:\/\/programit.ba\/wp-content\/uploads\/2024\/01\/e-commerce-1606962_1280.jpg 1280w\" sizes=\"auto, (max-width: 1024px) 100vw, 1024px\" \/>\t\t\t\t\t\t\t\t\t\t\t\t\t\t<\/div>\n\t\t\t\t\t\t<\/div>\n\t\t\t\t<\/div>\n\t\t\t\t<section class=\"elementor-section elementor-inner-section elementor-element elementor-element-5e2e2cf elementor-section-boxed elementor-section-height-default elementor-section-height-default\" data-id=\"5e2e2cf\" data-element_type=\"section\">\n\t\t\t\t\t\t<div class=\"elementor-container elementor-column-gap-default\">\n\t\t\t\t\t\t\t<div class=\"elementor-row\">\n\t\t\t\t\t<div class=\"elementor-column elementor-col-100 elementor-inner-column elementor-element elementor-element-d0ae88b\" data-id=\"d0ae88b\" data-element_type=\"column\" data-settings=\"{&quot;background_background&quot;:&quot;classic&quot;}\">\n\t\t\t<div class=\"elementor-column-wrap elementor-element-populated\">\n\t\t\t\t\t\t\t<div class=\"elementor-widget-wrap\">\n\t\t\t\t\t\t<div class=\"elementor-element elementor-element-faa610e elementor-widget elementor-widget-heading\" data-id=\"faa610e\" data-element_type=\"widget\" data-widget_type=\"heading.default\">\n\t\t\t\t<div class=\"elementor-widget-container\">\n\t\t\t<div class=\"elementor-heading-title elementor-size-default\"><a href=\"https:\/\/programit.ba\/hr\/e-trgovina\/\">E-trgovina<\/a><\/div>\t\t<\/div>\n\t\t\t\t<\/div>\n\t\t\t\t<div class=\"elementor-element elementor-element-37cb103 elementor-widget elementor-widget-text-editor\" data-id=\"37cb103\" data-element_type=\"widget\" data-widget_type=\"text-editor.default\">\n\t\t\t\t<div class=\"elementor-widget-container\">\n\t\t\t\t\t\t\t\t<div class=\"elementor-text-editor elementor-clearfix\">\n\t\t\t\t<p>Gradimo va\u0161u internetsku trgovinu koriste\u0107i fleksibilnu, modularnu platformu koja vam omogu\u0107uje da jednostavno pro\u0161irite i razvijate svoju web stranicu kako raste va\u0161e poslovanje.<\/p>\t\t\t\t\t<\/div>\n\t\t\t\t\t\t<\/div>\n\t\t\t\t<\/div>\n\t\t\t\t<div class=\"elementor-element elementor-element-add870c elementor-align-center elementor-widget elementor-widget-button\" data-id=\"add870c\" data-element_type=\"widget\" data-widget_type=\"button.default\">\n\t\t\t\t<div class=\"elementor-widget-container\">\n\t\t\t\t\t<div class=\"elementor-button-wrapper\">\n\t\t\t<a class=\"elementor-button elementor-button-link elementor-size-sm\" href=\"https:\/\/programit.ba\/hr\/e-trgovina\/\">\n\t\t\t\t\t\t<span class=\"elementor-button-content-wrapper\">\n\t\t\t\t\t\t<span class=\"elementor-button-text\">Pro\u010ditajte vi\u0161e<\/span>\n\t\t<\/span>\n\t\t\t\t\t<\/a>\n\t\t<\/div>\n\t\t\t\t<\/div>\n\t\t\t\t<\/div>\n\t\t\t\t\t\t<\/div>\n\t\t\t\t\t<\/div>\n\t\t<\/div>\n\t\t\t\t\t\t\t\t<\/div>\n\t\t\t\t\t<\/div>\n\t\t<\/section>\n\t\t\t\t\t\t<\/div>\n\t\t\t\t\t<\/div>\n\t\t<\/div>\n\t\t\t\t<div class=\"elementor-column elementor-col-33 elementor-top-column elementor-element elementor-element-47d1acd\" data-id=\"47d1acd\" data-element_type=\"column\">\n\t\t\t<div class=\"elementor-column-wrap elementor-element-populated\">\n\t\t\t\t\t\t\t<div class=\"elementor-widget-wrap\">\n\t\t\t\t\t\t<div class=\"elementor-element elementor-element-674252e elementor-widget elementor-widget-image\" data-id=\"674252e\" data-element_type=\"widget\" data-widget_type=\"image.default\">\n\t\t\t\t<div class=\"elementor-widget-container\">\n\t\t\t\t\t\t\t\t<div class=\"elementor-image\">\n\t\t\t\t\t\t\t\t\t\t\t\t<img loading=\"lazy\" decoding=\"async\" width=\"1024\" height=\"682\" src=\"https:\/\/programit.ba\/wp-content\/uploads\/2024\/01\/market-1024x682.png\" class=\"attachment-large size-large wp-image-12722\" alt=\"\" srcset=\"https:\/\/programit.ba\/wp-content\/uploads\/2024\/01\/market-1024x682.png 1024w, https:\/\/programit.ba\/wp-content\/uploads\/2024\/01\/market-300x200.png 300w, https:\/\/programit.ba\/wp-content\/uploads\/2024\/01\/market-768x512.png 768w, https:\/\/programit.ba\/wp-content\/uploads\/2024\/01\/market-765x510.png 765w, https:\/\/programit.ba\/wp-content\/uploads\/2024\/01\/market-1170x780.png 1170w, https:\/\/programit.ba\/wp-content\/uploads\/2024\/01\/market.png 1280w\" sizes=\"auto, (max-width: 1024px) 100vw, 1024px\" \/>\t\t\t\t\t\t\t\t\t\t\t\t\t\t<\/div>\n\t\t\t\t\t\t<\/div>\n\t\t\t\t<\/div>\n\t\t\t\t<section class=\"elementor-section elementor-inner-section elementor-element elementor-element-ef325a1 elementor-section-boxed elementor-section-height-default elementor-section-height-default\" data-id=\"ef325a1\" data-element_type=\"section\">\n\t\t\t\t\t\t<div class=\"elementor-container elementor-column-gap-default\">\n\t\t\t\t\t\t\t<div class=\"elementor-row\">\n\t\t\t\t\t<div class=\"elementor-column elementor-col-100 elementor-inner-column elementor-element elementor-element-78e3431\" data-id=\"78e3431\" data-element_type=\"column\" data-settings=\"{&quot;background_background&quot;:&quot;classic&quot;}\">\n\t\t\t<div class=\"elementor-column-wrap elementor-element-populated\">\n\t\t\t\t\t\t\t<div class=\"elementor-widget-wrap\">\n\t\t\t\t\t\t<div class=\"elementor-element elementor-element-c98444b elementor-widget elementor-widget-heading\" data-id=\"c98444b\" data-element_type=\"widget\" data-widget_type=\"heading.default\">\n\t\t\t\t<div class=\"elementor-widget-container\">\n\t\t\t<div class=\"elementor-heading-title elementor-size-default\"><a href=\"https:\/\/programit.ba\/hr\/brendiranje\/\">Brendiranje<\/a><\/div>\t\t<\/div>\n\t\t\t\t<\/div>\n\t\t\t\t<div class=\"elementor-element elementor-element-bf062c1 elementor-widget elementor-widget-text-editor\" data-id=\"bf062c1\" data-element_type=\"widget\" data-widget_type=\"text-editor.default\">\n\t\t\t\t<div class=\"elementor-widget-container\">\n\t\t\t\t\t\t\t\t<div class=\"elementor-text-editor elementor-clearfix\">\n\t\t\t\t<p>\u010cvrsta strategija brenda, logotip i smjernice poma\u017eu vam da budete prepoznati.<\/p>\t\t\t\t\t<\/div>\n\t\t\t\t\t\t<\/div>\n\t\t\t\t<\/div>\n\t\t\t\t<div class=\"elementor-element elementor-element-3e01c09 elementor-align-center elementor-widget elementor-widget-button\" data-id=\"3e01c09\" data-element_type=\"widget\" data-widget_type=\"button.default\">\n\t\t\t\t<div class=\"elementor-widget-container\">\n\t\t\t\t\t<div class=\"elementor-button-wrapper\">\n\t\t\t<a class=\"elementor-button elementor-button-link elementor-size-sm\" href=\"https:\/\/programit.ba\/hr\/brendiranje\/\">\n\t\t\t\t\t\t<span class=\"elementor-button-content-wrapper\">\n\t\t\t\t\t\t<span class=\"elementor-button-text\">Pro\u010ditajte vi\u0161e<\/span>\n\t\t<\/span>\n\t\t\t\t\t<\/a>\n\t\t<\/div>\n\t\t\t\t<\/div>\n\t\t\t\t<\/div>\n\t\t\t\t\t\t<\/div>\n\t\t\t\t\t<\/div>\n\t\t<\/div>\n\t\t\t\t\t\t\t\t<\/div>\n\t\t\t\t\t<\/div>\n\t\t<\/section>\n\t\t\t\t\t\t<\/div>\n\t\t\t\t\t<\/div>\n\t\t<\/div>\n\t\t\t\t\t\t\t\t<\/div>\n\t\t\t\t\t<\/div>\n\t\t<\/section>\n\t\t\t\t\t\t\t\t\t<\/div>\n\t\t\t<\/div>\n\t\t\t\t\t<\/div>\n\t\t","protected":false},"excerpt":{"rendered":"<p>Marketing Koristimo strate\u0161ke marketin\u0161ke taktike koje dokazano djeluju. Dru\u0161tvene mre\u017ee, Pay-per-click kampanje. Mi to mo\u017eemo sve! Pro\u010ditajte vi\u0161e Razvoj Prilago\u0111eno programiranje za najslo\u017eenije funkcije koje mo\u017eete smisliti. Nema vi\u0161e glavobolje! Usredoto\u010dite se na svoj posao i dopustite mu da brzo raste! Pro\u010ditajte vi\u0161e Web dizajn Sna\u017ean web dizajn koji \u0107e<span class=\"more-dots\">&#8230;<\/span><\/p>\n","protected":false},"author":1,"featured_media":0,"parent":0,"menu_order":0,"comment_status":"closed","ping_status":"closed","template":"page-templates\/full-width.php","meta":{"footnotes":""},"class_list":["post-13153","page","type-page","status-publish","hentry"],"aioseo_notices":[],"_links":{"self":[{"href":"https:\/\/programit.ba\/hr\/wp-json\/wp\/v2\/pages\/13153","targetHints":{"allow":["GET"]}}],"collection":[{"href":"https:\/\/programit.ba\/hr\/wp-json\/wp\/v2\/pages"}],"about":[{"href":"https:\/\/programit.ba\/hr\/wp-json\/wp\/v2\/types\/page"}],"author":[{"embeddable":true,"href":"https:\/\/programit.ba\/hr\/wp-json\/wp\/v2\/users\/1"}],"replies":[{"embeddable":true,"href":"https:\/\/programit.ba\/hr\/wp-json\/wp\/v2\/comments?post=13153"}],"version-history":[{"count":23,"href":"https:\/\/programit.ba\/hr\/wp-json\/wp\/v2\/pages\/13153\/revisions"}],"predecessor-version":[{"id":13330,"href":"https:\/\/programit.ba\/hr\/wp-json\/wp\/v2\/pages\/13153\/revisions\/13330"}],"wp:attachment":[{"href":"https:\/\/programit.ba\/hr\/wp-json\/wp\/v2\/media?parent=13153"}],"curies":[{"name":"wp","href":"https:\/\/api.w.org\/{rel}","templated":true}]}}