{"id":13147,"date":"2023-09-22T09:24:54","date_gmt":"2023-09-22T07:24:54","guid":{"rendered":"https:\/\/programit.ba\/seo-optimisation\/"},"modified":"2024-01-10T17:25:01","modified_gmt":"2024-01-10T16:25:01","slug":"seo-optimizacija","status":"publish","type":"page","link":"https:\/\/programit.ba\/hr\/seo-optimizacija\/","title":{"rendered":"SEO optimizacija"},"content":{"rendered":"\t\t<div data-elementor-type=\"wp-page\" data-elementor-id=\"13147\" class=\"elementor elementor-13147 elementor-12376\">\n\t\t\t\t\t\t<div class=\"elementor-inner\">\n\t\t\t\t<div class=\"elementor-section-wrap\">\n\t\t\t\t\t\t\t\t\t<section class=\"elementor-section elementor-top-section elementor-element elementor-element-882a59a elementor-section-boxed elementor-section-height-default elementor-section-height-default\" data-id=\"882a59a\" data-element_type=\"section\">\n\t\t\t\t\t\t<div class=\"elementor-container elementor-column-gap-default\">\n\t\t\t\t\t\t\t<div class=\"elementor-row\">\n\t\t\t\t\t<div class=\"elementor-column elementor-col-33 elementor-top-column elementor-element elementor-element-1c9a76b\" data-id=\"1c9a76b\" data-element_type=\"column\">\n\t\t\t<div class=\"elementor-column-wrap elementor-element-populated\">\n\t\t\t\t\t\t\t<div class=\"elementor-widget-wrap\">\n\t\t\t\t\t\t<div class=\"elementor-element elementor-element-fe99a6e elementor-widget elementor-widget-heading\" data-id=\"fe99a6e\" data-element_type=\"widget\" data-widget_type=\"heading.default\">\n\t\t\t\t<div class=\"elementor-widget-container\">\n\t\t\t<h2 class=\"elementor-heading-title elementor-size-default\">Druge usluge<\/h2>\t\t<\/div>\n\t\t\t\t<\/div>\n\t\t\t\t<div class=\"elementor-element elementor-element-119461b elementor-widget elementor-widget-text-editor\" data-id=\"119461b\" data-element_type=\"widget\" data-widget_type=\"text-editor.default\">\n\t\t\t\t<div class=\"elementor-widget-container\">\n\t\t\t\t\t\t\t\t<div class=\"elementor-text-editor elementor-clearfix\">\n\t\t\t\t<ul>\n \t<li style=\"text-align: left;\"><a href=\"https:\/\/programit.ba\/hr\/marketing\/?lang=hr\">Marketing<\/a><\/li>\n \t<li style=\"text-align: left;\"><a href=\"https:\/\/programit.ba\/hr\/razvoj\/\">Razvoj<\/a><\/li>\n \t<li style=\"text-align: left;\"><a href=\"https:\/\/programit.ba\/hr\/web-dizajn\/\">Web dizajn<\/a><\/li>\n \t<li style=\"text-align: left;\"><a href=\"https:\/\/programit.ba\/hr\/e-trgovina\/\">E-trgovina<\/a><\/li>\n \t<li style=\"text-align: left;\"><a href=\"https:\/\/programit.ba\/hr\/brendiranje\/\">Brendiranje<\/a><\/li>\n<\/ul>\t\t\t\t\t<\/div>\n\t\t\t\t\t\t<\/div>\n\t\t\t\t<\/div>\n\t\t\t\t\t\t<\/div>\n\t\t\t\t\t<\/div>\n\t\t<\/div>\n\t\t\t\t<div class=\"elementor-column elementor-col-66 elementor-top-column elementor-element elementor-element-24e56c8\" data-id=\"24e56c8\" data-element_type=\"column\" data-settings=\"{&quot;background_background&quot;:&quot;classic&quot;}\">\n\t\t\t<div class=\"elementor-column-wrap elementor-element-populated\">\n\t\t\t\t\t\t\t<div class=\"elementor-widget-wrap\">\n\t\t\t\t\t\t<div class=\"elementor-element elementor-element-541fba7 elementor-widget elementor-widget-text-editor\" data-id=\"541fba7\" data-element_type=\"widget\" data-widget_type=\"text-editor.default\">\n\t\t\t\t<div class=\"elementor-widget-container\">\n\t\t\t\t\t\t\t\t<div class=\"elementor-text-editor elementor-clearfix\">\n\t\t\t\t<p>SEO, odnosno optimizacija sadr\u017eaja za tra\u017eilice, skup je tehnika za optimizaciju web stranice i sadr\u017eaja vezanih uz nju s ciljem boljeg pozicioniranja stranice na web tra\u017eilicama.<\/p><p>Jednostavnije re\u010deno, SEO omogu\u0107uje da se va\u0161a web stranica pojavi me\u0111u prvim rezultatima na tra\u017eilici nakon \u0161to korisnici upi\u0161u odre\u0111eni pojam, bez potrebe za kori\u0161tenjem pla\u0107enog ogla\u0161avanja.<\/p>\t\t\t\t\t<\/div>\n\t\t\t\t\t\t<\/div>\n\t\t\t\t<\/div>\n\t\t\t\t<div class=\"elementor-element elementor-element-7c1f8c7 elementor-widget elementor-widget-image\" data-id=\"7c1f8c7\" data-element_type=\"widget\" data-widget_type=\"image.default\">\n\t\t\t\t<div class=\"elementor-widget-container\">\n\t\t\t\t\t\t\t\t<div class=\"elementor-image\">\n\t\t\t\t\t\t\t\t\t\t\t\t<img loading=\"lazy\" decoding=\"async\" width=\"800\" height=\"400\" src=\"https:\/\/programit.ba\/wp-content\/uploads\/2023\/09\/carlos-muza-hpjSkU2UYSU-unsplash-800x400.jpg\" class=\"attachment-deepdigital-square-half size-deepdigital-square-half wp-image-12445\" alt=\"\" srcset=\"https:\/\/programit.ba\/wp-content\/uploads\/2023\/09\/carlos-muza-hpjSkU2UYSU-unsplash-800x400.jpg 800w, https:\/\/programit.ba\/wp-content\/uploads\/2023\/09\/carlos-muza-hpjSkU2UYSU-unsplash-1520x760.jpg 1520w\" sizes=\"auto, (max-width: 800px) 100vw, 800px\" \/>\t\t\t\t\t\t\t\t\t\t\t\t\t\t<\/div>\n\t\t\t\t\t\t<\/div>\n\t\t\t\t<\/div>\n\t\t\t\t\t\t<\/div>\n\t\t\t\t\t<\/div>\n\t\t<\/div>\n\t\t\t\t\t\t\t\t<\/div>\n\t\t\t\t\t<\/div>\n\t\t<\/section>\n\t\t\t\t\t\t\t\t\t<\/div>\n\t\t\t<\/div>\n\t\t\t\t\t<\/div>\n\t\t","protected":false},"excerpt":{"rendered":"<p>Druge usluge Marketing Razvoj Web dizajn E-trgovina Brendiranje SEO, odnosno optimizacija sadr\u017eaja za tra\u017eilice, skup je tehnika za optimizaciju web stranice i sadr\u017eaja vezanih uz nju s ciljem boljeg pozicioniranja stranice na web tra\u017eilicama. Jednostavnije re\u010deno, SEO omogu\u0107uje da se va\u0161a web stranica pojavi me\u0111u prvim rezultatima na tra\u017eilici nakon<span class=\"more-dots\">&#8230;<\/span><\/p>\n","protected":false},"author":2,"featured_media":0,"parent":0,"menu_order":0,"comment_status":"closed","ping_status":"closed","template":"page-templates\/full-width.php","meta":{"footnotes":""},"class_list":["post-13147","page","type-page","status-publish","hentry"],"aioseo_notices":[],"_links":{"self":[{"href":"https:\/\/programit.ba\/hr\/wp-json\/wp\/v2\/pages\/13147","targetHints":{"allow":["GET"]}}],"collection":[{"href":"https:\/\/programit.ba\/hr\/wp-json\/wp\/v2\/pages"}],"about":[{"href":"https:\/\/programit.ba\/hr\/wp-json\/wp\/v2\/types\/page"}],"author":[{"embeddable":true,"href":"https:\/\/programit.ba\/hr\/wp-json\/wp\/v2\/users\/2"}],"replies":[{"embeddable":true,"href":"https:\/\/programit.ba\/hr\/wp-json\/wp\/v2\/comments?post=13147"}],"version-history":[{"count":11,"href":"https:\/\/programit.ba\/hr\/wp-json\/wp\/v2\/pages\/13147\/revisions"}],"predecessor-version":[{"id":13302,"href":"https:\/\/programit.ba\/hr\/wp-json\/wp\/v2\/pages\/13147\/revisions\/13302"}],"wp:attachment":[{"href":"https:\/\/programit.ba\/hr\/wp-json\/wp\/v2\/media?parent=13147"}],"curies":[{"name":"wp","href":"https:\/\/api.w.org\/{rel}","templated":true}]}}