{"id":13142,"date":"2023-05-16T14:08:55","date_gmt":"2023-05-16T14:08:55","guid":{"rendered":"https:\/\/programit.ba\/marketing\/"},"modified":"2024-01-10T17:20:37","modified_gmt":"2024-01-10T16:20:37","slug":"marketing","status":"publish","type":"page","link":"https:\/\/programit.ba\/hr\/marketing\/","title":{"rendered":"Marketing"},"content":{"rendered":"\t\t<div data-elementor-type=\"wp-page\" data-elementor-id=\"13142\" class=\"elementor elementor-13142 elementor-7940\">\n\t\t\t\t\t\t<div class=\"elementor-inner\">\n\t\t\t\t<div class=\"elementor-section-wrap\">\n\t\t\t\t\t\t\t\t\t<section class=\"elementor-section elementor-top-section elementor-element elementor-element-882a59a elementor-section-boxed elementor-section-height-default elementor-section-height-default\" data-id=\"882a59a\" data-element_type=\"section\">\n\t\t\t\t\t\t<div class=\"elementor-container elementor-column-gap-default\">\n\t\t\t\t\t\t\t<div class=\"elementor-row\">\n\t\t\t\t\t<div class=\"elementor-column elementor-col-33 elementor-top-column elementor-element elementor-element-1c9a76b\" data-id=\"1c9a76b\" data-element_type=\"column\">\n\t\t\t<div class=\"elementor-column-wrap elementor-element-populated\">\n\t\t\t\t\t\t\t<div class=\"elementor-widget-wrap\">\n\t\t\t\t\t\t<div class=\"elementor-element elementor-element-fe99a6e elementor-widget elementor-widget-heading\" data-id=\"fe99a6e\" data-element_type=\"widget\" data-widget_type=\"heading.default\">\n\t\t\t\t<div class=\"elementor-widget-container\">\n\t\t\t<h2 class=\"elementor-heading-title elementor-size-default\">Druge usluge<\/h2>\t\t<\/div>\n\t\t\t\t<\/div>\n\t\t\t\t<div class=\"elementor-element elementor-element-07d8367 elementor-widget elementor-widget-text-editor\" data-id=\"07d8367\" data-element_type=\"widget\" data-widget_type=\"text-editor.default\">\n\t\t\t\t<div class=\"elementor-widget-container\">\n\t\t\t\t\t\t\t\t<div class=\"elementor-text-editor elementor-clearfix\">\n\t\t\t\t<ul>\n \t<li style=\"text-align: left;\"><a href=\"https:\/\/programit.ba\/hr\/razvoj\/\">Razvoj<\/a><\/li>\n \t<li style=\"text-align: left;\"><a href=\"https:\/\/programit.ba\/hr\/web-dizajn\/\">Web dizajn<\/a><\/li>\n \t<li style=\"text-align: left;\"><a href=\"https:\/\/programit.ba\/hr\/seo-optimizacija\/\">SEO optimizacija<\/a><\/li>\n \t<li style=\"text-align: left;\"><a href=\"https:\/\/programit.ba\/hr\/e-trgovina\/\">E-trgovina<\/a><\/li>\n \t<li style=\"text-align: left;\"><a href=\"https:\/\/programit.ba\/hr\/brendiranje\/\">Brendiranje<\/a><\/li>\n<\/ul>\t\t\t\t\t<\/div>\n\t\t\t\t\t\t<\/div>\n\t\t\t\t<\/div>\n\t\t\t\t\t\t<\/div>\n\t\t\t\t\t<\/div>\n\t\t<\/div>\n\t\t\t\t<div class=\"elementor-column elementor-col-66 elementor-top-column elementor-element elementor-element-24e56c8\" data-id=\"24e56c8\" data-element_type=\"column\" data-settings=\"{&quot;background_background&quot;:&quot;classic&quot;}\">\n\t\t\t<div class=\"elementor-column-wrap elementor-element-populated\">\n\t\t\t\t\t\t\t<div class=\"elementor-widget-wrap\">\n\t\t\t\t\t\t<div class=\"elementor-element elementor-element-541fba7 elementor-widget elementor-widget-text-editor\" data-id=\"541fba7\" data-element_type=\"widget\" data-widget_type=\"text-editor.default\">\n\t\t\t\t<div class=\"elementor-widget-container\">\n\t\t\t\t\t\t\t\t<div class=\"elementor-text-editor elementor-clearfix\">\n\t\t\t\t<p>Va\u0161e poslovanje te proizvode i usluge koje nudite promoviramo putem digitalnih kanala kao \u0161to su web stranice, dru\u0161tvene mre\u017ee, e-po\u0161ta, pla\u0107eni oglasi na tra\u017eilicama, prikazno ogla\u0161avanje, nativno ogla\u0161avanje i SEO, tj. optimizacija za tra\u017eilice.<\/p>\t\t\t\t\t<\/div>\n\t\t\t\t\t\t<\/div>\n\t\t\t\t<\/div>\n\t\t\t\t<div class=\"elementor-element elementor-element-7c1f8c7 elementor-widget elementor-widget-image\" data-id=\"7c1f8c7\" data-element_type=\"widget\" data-widget_type=\"image.default\">\n\t\t\t\t<div class=\"elementor-widget-container\">\n\t\t\t\t\t\t\t\t<div class=\"elementor-image\">\n\t\t\t\t\t\t\t\t\t\t\t\t<img loading=\"lazy\" decoding=\"async\" width=\"800\" height=\"400\" src=\"https:\/\/programit.ba\/wp-content\/uploads\/2023\/09\/firmbee-com-gcsNOsPEXfs-unsplash-800x400.jpg\" class=\"attachment-deepdigital-square-half size-deepdigital-square-half wp-image-12449\" alt=\"\" srcset=\"https:\/\/programit.ba\/wp-content\/uploads\/2023\/09\/firmbee-com-gcsNOsPEXfs-unsplash-800x400.jpg 800w, https:\/\/programit.ba\/wp-content\/uploads\/2023\/09\/firmbee-com-gcsNOsPEXfs-unsplash-1520x760.jpg 1520w\" sizes=\"auto, (max-width: 800px) 100vw, 800px\" \/>\t\t\t\t\t\t\t\t\t\t\t\t\t\t<\/div>\n\t\t\t\t\t\t<\/div>\n\t\t\t\t<\/div>\n\t\t\t\t\t\t<\/div>\n\t\t\t\t\t<\/div>\n\t\t<\/div>\n\t\t\t\t\t\t\t\t<\/div>\n\t\t\t\t\t<\/div>\n\t\t<\/section>\n\t\t\t\t\t\t\t\t\t<\/div>\n\t\t\t<\/div>\n\t\t\t\t\t<\/div>\n\t\t","protected":false},"excerpt":{"rendered":"<p>Druge usluge Razvoj Web dizajn SEO optimizacija E-trgovina Brendiranje Va\u0161e poslovanje te proizvode i usluge koje nudite promoviramo putem digitalnih kanala kao \u0161to su web stranice, dru\u0161tvene mre\u017ee, e-po\u0161ta, pla\u0107eni oglasi na tra\u017eilicama, prikazno ogla\u0161avanje, nativno ogla\u0161avanje i SEO, tj. optimizacija za tra\u017eilice.<\/p>\n","protected":false},"author":1,"featured_media":0,"parent":0,"menu_order":0,"comment_status":"closed","ping_status":"closed","template":"page-templates\/full-width.php","meta":{"footnotes":""},"class_list":["post-13142","page","type-page","status-publish","hentry"],"aioseo_notices":[],"_links":{"self":[{"href":"https:\/\/programit.ba\/hr\/wp-json\/wp\/v2\/pages\/13142","targetHints":{"allow":["GET"]}}],"collection":[{"href":"https:\/\/programit.ba\/hr\/wp-json\/wp\/v2\/pages"}],"about":[{"href":"https:\/\/programit.ba\/hr\/wp-json\/wp\/v2\/types\/page"}],"author":[{"embeddable":true,"href":"https:\/\/programit.ba\/hr\/wp-json\/wp\/v2\/users\/1"}],"replies":[{"embeddable":true,"href":"https:\/\/programit.ba\/hr\/wp-json\/wp\/v2\/comments?post=13142"}],"version-history":[{"count":12,"href":"https:\/\/programit.ba\/hr\/wp-json\/wp\/v2\/pages\/13142\/revisions"}],"predecessor-version":[{"id":13296,"href":"https:\/\/programit.ba\/hr\/wp-json\/wp\/v2\/pages\/13142\/revisions\/13296"}],"wp:attachment":[{"href":"https:\/\/programit.ba\/hr\/wp-json\/wp\/v2\/media?parent=13142"}],"curies":[{"name":"wp","href":"https:\/\/api.w.org\/{rel}","templated":true}]}}