{"id":13124,"date":"2023-02-22T22:18:17","date_gmt":"2023-02-22T22:18:17","guid":{"rendered":"https:\/\/programit.ba\/contacts\/"},"modified":"2024-01-10T17:19:44","modified_gmt":"2024-01-10T16:19:44","slug":"kontakt","status":"publish","type":"page","link":"https:\/\/programit.ba\/hr\/kontakt\/","title":{"rendered":"Kontakt"},"content":{"rendered":"\t\t<div data-elementor-type=\"wp-page\" data-elementor-id=\"13124\" class=\"elementor elementor-13124 elementor-2056\">\n\t\t\t\t\t\t<div class=\"elementor-inner\">\n\t\t\t\t<div class=\"elementor-section-wrap\">\n\t\t\t\t\t\t\t\t\t<section class=\"elementor-section elementor-top-section elementor-element elementor-element-aba3740 elementor-section-boxed elementor-section-height-default elementor-section-height-default\" data-id=\"aba3740\" data-element_type=\"section\">\n\t\t\t\t\t\t<div class=\"elementor-container elementor-column-gap-default\">\n\t\t\t\t\t\t\t<div class=\"elementor-row\">\n\t\t\t\t\t<div class=\"elementor-column elementor-col-100 elementor-top-column elementor-element elementor-element-9761e02\" data-id=\"9761e02\" data-element_type=\"column\">\n\t\t\t<div class=\"elementor-column-wrap elementor-element-populated\">\n\t\t\t\t\t\t\t<div class=\"elementor-widget-wrap\">\n\t\t\t\t\t\t<section class=\"elementor-section elementor-inner-section elementor-element elementor-element-9fe4d66 elementor-section-boxed elementor-section-height-default elementor-section-height-default\" data-id=\"9fe4d66\" data-element_type=\"section\">\n\t\t\t\t\t\t<div class=\"elementor-container elementor-column-gap-default\">\n\t\t\t\t\t\t\t<div class=\"elementor-row\">\n\t\t\t\t\t<div class=\"elementor-column elementor-col-33 elementor-inner-column elementor-element elementor-element-aacdd82\" data-id=\"aacdd82\" data-element_type=\"column\">\n\t\t\t<div class=\"elementor-column-wrap elementor-element-populated\">\n\t\t\t\t\t\t\t<div class=\"elementor-widget-wrap\">\n\t\t\t\t\t\t<div class=\"elementor-element elementor-element-e71731a elementor-view-stacked elementor-shape-circle elementor-widget elementor-widget-icon\" data-id=\"e71731a\" data-element_type=\"widget\" data-widget_type=\"icon.default\">\n\t\t\t\t<div class=\"elementor-widget-container\">\n\t\t\t\t\t<div class=\"elementor-icon-wrapper\">\n\t\t\t<div class=\"elementor-icon elementor-animation-pop\">\n\t\t\t<svg xmlns=\"http:\/\/www.w3.org\/2000\/svg\" width=\"1024\" height=\"1024\" viewBox=\"0 0 1024 1024\"><path d=\"M768 0h-512c-53.056 0-96 42.976-96 96v832c0 53.056 42.976 96 96 96h512c52.992 0 96-43.008 96-96v-832c0-53.056-43.008-96-96-96zM800 928c0 17.632-14.368 32-32 32h-512c-17.664 0-32-14.304-32-32v-64.128h576v64.128zM800 831.872h-576v-639.872h576v639.872zM800 160h-576v-64c0-17.664 14.336-32 32-32h512c17.632 0 32 14.336 32 32v64zM576 112c0 8.832-7.2 16-16 16h-96c-8.864 0-16-7.168-16-16v0c0-8.864 7.136-16 16-16h96c8.8 0 16 7.136 16 16v0zM544 911.872c0 8.8-7.2 16-16 16h-32c-8.832 0-16-7.2-16-16v0c0-8.864 7.168-16 16-16h32c8.8 0 16 7.136 16 16v0z\"><\/path><\/svg>\t\t\t<\/div>\n\t\t<\/div>\n\t\t\t\t<\/div>\n\t\t\t\t<\/div>\n\t\t\t\t<div class=\"elementor-element elementor-element-de69332 elementor-widget elementor-widget-heading\" data-id=\"de69332\" data-element_type=\"widget\" data-widget_type=\"heading.default\">\n\t\t\t\t<div class=\"elementor-widget-container\">\n\t\t\t<h2 class=\"elementor-heading-title elementor-size-default\">Nazovite nas<\/h2>\t\t<\/div>\n\t\t\t\t<\/div>\n\t\t\t\t<div class=\"elementor-element elementor-element-e949e3a elementor-widget elementor-widget-text-editor\" data-id=\"e949e3a\" data-element_type=\"widget\" data-widget_type=\"text-editor.default\">\n\t\t\t\t<div class=\"elementor-widget-container\">\n\t\t\t\t\t\t\t\t<div class=\"elementor-text-editor elementor-clearfix\">\n\t\t\t\t<span style=\"color: #3d3d3d;\"><b>\u00a0<\/b><a href=\"tel:+38763660500\">+387 63 660 500<\/a><\/span>\t\t\t\t\t<\/div>\n\t\t\t\t\t\t<\/div>\n\t\t\t\t<\/div>\n\t\t\t\t\t\t<\/div>\n\t\t\t\t\t<\/div>\n\t\t<\/div>\n\t\t\t\t<div class=\"elementor-column elementor-col-33 elementor-inner-column elementor-element elementor-element-d1f43dc\" data-id=\"d1f43dc\" data-element_type=\"column\">\n\t\t\t<div class=\"elementor-column-wrap elementor-element-populated\">\n\t\t\t\t\t\t\t<div class=\"elementor-widget-wrap\">\n\t\t\t\t\t\t<div class=\"elementor-element elementor-element-a9328f2 elementor-view-stacked elementor-shape-circle elementor-widget elementor-widget-icon\" data-id=\"a9328f2\" data-element_type=\"widget\" data-widget_type=\"icon.default\">\n\t\t\t\t<div class=\"elementor-widget-container\">\n\t\t\t\t\t<div class=\"elementor-icon-wrapper\">\n\t\t\t<div class=\"elementor-icon elementor-animation-pop\">\n\t\t\t<svg xmlns=\"http:\/\/www.w3.org\/2000\/svg\" width=\"1024\" height=\"1024\" viewBox=\"0 0 1024 1024\"><path d=\"M940.64 82.56c-52.64-52.576-121.952-82.56-190.272-82.56-57.632 0-110.688 21.376-149.44 60.064l-155.744 156.928c-0.48 0.448-1.024 0.736-1.504 1.216-0.256 0.256-0.416 0.608-0.672 0.832l0.064 0.064-330.528 333.088c-15.232 15.136-26.272 33.984-32.416 54.56l-75.168 272.256c-0.064 0.736-4.96 22.112-4.96 32.992 0 61.824 50.208 112 112.128 112 12.32 0 36.16-5.888 37.024-6.016l271.296-71.328c20.608-6.112 39.328-17.248 54.56-32.512l488.416-492.256c88.832-88.896 78.816-237.888-22.784-339.328zM512.448 761.44c-2.624-28.864-10.784-57.184-23.008-84.064l302.56-302.528c18.496 58.432 8.992 119.552-31.552 160.128-0.256 0.256-0.576 0.416-0.8 0.672l0.448 0.416-247.296 249.28c0-7.968 0.384-15.776-0.352-23.904zM473.376 648.192c-11.936-19.616-25.504-38.56-42.304-55.328-19.552-19.552-41.984-34.88-65.408-47.744l305.024-305.024c23.936 10.624 46.88 25.76 67.136 46.016 17.312 17.248 30.688 36.576 40.992 56.672l-305.44 305.408zM335.552 529.984c-29.632-11.936-60.672-18.752-91.776-19.168l246.496-248.384c37.728-36.8 92.672-47.392 146.784-33.984l-301.504 301.536zM133.344 955.936c-3.488 0.8-14.336 3.552-21.696 4.064-26.304-0.32-47.648-21.696-47.648-48 0.384-5.376 2.528-14.624 3.264-17.984l33.696-122.048c36.576-0.992 75.936 13.248 106.88 44.256 31.424 31.36 46.208 71.488 44.608 108.512l-119.104 31.2zM283.968 916.384c-0.768-42.944-18.24-87.616-53.504-122.816-33.344-33.376-76.992-52.64-120.512-54.368l31.872-115.424c2.304-7.68 6.88-15.264 12.512-21.888 64.192-45.952 162.912-32.384 231.488 36.256 72.544 72.512 83.744 178.752 27.872 242.176-3.712 1.952-7.456 3.808-11.488 4.992l-118.24 31.072zM918.112 376.704l-53.888 54.304c0-7.232 0.864-14.176 0.192-21.568-5.632-61.92-34.496-121.792-81.376-168.608-52.128-52.16-121.248-82.080-189.696-82.272l52.992-53.44c26.528-26.464 63.552-41.12 104.032-41.12 51.488 0 104.384 23.296 145.056 63.84 38.176 38.112 60.928 85.472 64.192 133.376 3.008 44.704-11.744 85.696-41.504 115.488z\"><\/path><\/svg>\t\t\t<\/div>\n\t\t<\/div>\n\t\t\t\t<\/div>\n\t\t\t\t<\/div>\n\t\t\t\t<div class=\"elementor-element elementor-element-ccd08d6 elementor-widget elementor-widget-heading\" data-id=\"ccd08d6\" data-element_type=\"widget\" data-widget_type=\"heading.default\">\n\t\t\t\t<div class=\"elementor-widget-container\">\n\t\t\t<h2 class=\"elementor-heading-title elementor-size-default\">Pi\u0161ite nam<\/h2>\t\t<\/div>\n\t\t\t\t<\/div>\n\t\t\t\t<div class=\"elementor-element elementor-element-a1dacd8 elementor-widget elementor-widget-text-editor\" data-id=\"a1dacd8\" data-element_type=\"widget\" data-widget_type=\"text-editor.default\">\n\t\t\t\t<div class=\"elementor-widget-container\">\n\t\t\t\t\t\t\t\t<div class=\"elementor-text-editor elementor-clearfix\">\n\t\t\t\t<a href=\"mailto:info@programit.ba\">info@programit.ba<\/a>\t\t\t\t\t<\/div>\n\t\t\t\t\t\t<\/div>\n\t\t\t\t<\/div>\n\t\t\t\t\t\t<\/div>\n\t\t\t\t\t<\/div>\n\t\t<\/div>\n\t\t\t\t<div class=\"elementor-column elementor-col-33 elementor-inner-column elementor-element elementor-element-5677827\" data-id=\"5677827\" data-element_type=\"column\">\n\t\t\t<div class=\"elementor-column-wrap elementor-element-populated\">\n\t\t\t\t\t\t\t<div class=\"elementor-widget-wrap\">\n\t\t\t\t\t\t<div class=\"elementor-element elementor-element-e2fb822 elementor-view-stacked elementor-shape-circle elementor-widget elementor-widget-icon\" data-id=\"e2fb822\" data-element_type=\"widget\" data-widget_type=\"icon.default\">\n\t\t\t\t<div class=\"elementor-widget-container\">\n\t\t\t\t\t<div class=\"elementor-icon-wrapper\">\n\t\t\t<div class=\"elementor-icon elementor-animation-pop\">\n\t\t\t<svg xmlns=\"http:\/\/www.w3.org\/2000\/svg\" width=\"1024\" height=\"1024\" viewBox=\"0 0 1024 1024\"><path d=\"M512.064 567.872c105.888 0 192-86.144 192-192s-86.112-192-192-192c-105.888 0-192 86.112-192 192s86.112 192 192 192zM512.064 215.872c88.256 0 160 71.744 160 160s-71.744 160-160 160c-88.256 0-160-71.744-160-160s71.744-160 160-160zM512 0c-211.776 0-384 170.112-384 384.032 0 224 192.032 453.152 332.032 614.208 0.512 0.64 22.976 25.76 50.752 25.76 0.064 0 2.336 0 2.464 0 27.744 0 50.24-25.12 50.752-25.76 140.064-161.056 332.064-390.176 332.064-614.208 0-213.92-172.256-384.032-384.064-384.032zM515.744 956.256c-0.672 0.64-2.624 2.048-4.32 3.136-0.32-0.864-2.688-2.752-4.128-4.256-117.28-134.944-315.296-362.688-315.296-571.104 0-176.448 143.584-320.032 320-320.032 176.512 0 320.064 143.584 320.064 320.064 0 208.384-198.016 436.128-316.32 572.192z\"><\/path><\/svg>\t\t\t<\/div>\n\t\t<\/div>\n\t\t\t\t<\/div>\n\t\t\t\t<\/div>\n\t\t\t\t<div class=\"elementor-element elementor-element-c98f20f elementor-widget elementor-widget-heading\" data-id=\"c98f20f\" data-element_type=\"widget\" data-widget_type=\"heading.default\">\n\t\t\t\t<div class=\"elementor-widget-container\">\n\t\t\t<h2 class=\"elementor-heading-title elementor-size-default\">Posjetite nas<\/h2>\t\t<\/div>\n\t\t\t\t<\/div>\n\t\t\t\t<div class=\"elementor-element elementor-element-fd1309a elementor-widget elementor-widget-text-editor\" data-id=\"fd1309a\" data-element_type=\"widget\" data-widget_type=\"text-editor.default\">\n\t\t\t\t<div class=\"elementor-widget-container\">\n\t\t\t\t\t\t\t\t<div class=\"elementor-text-editor elementor-clearfix\">\n\t\t\t\t<a href=\"https:\/\/maps.app.goo.gl\/SPtrBLF9KuHM9Q2N7\">Fra Vandelina Vasilja 17,Me\u0111ugorje<\/a>\n\t\t\t\t\t<\/div>\n\t\t\t\t\t\t<\/div>\n\t\t\t\t<\/div>\n\t\t\t\t\t\t<\/div>\n\t\t\t\t\t<\/div>\n\t\t<\/div>\n\t\t\t\t\t\t\t\t<\/div>\n\t\t\t\t\t<\/div>\n\t\t<\/section>\n\t\t\t\t\t\t<\/div>\n\t\t\t\t\t<\/div>\n\t\t<\/div>\n\t\t\t\t\t\t\t\t<\/div>\n\t\t\t\t\t<\/div>\n\t\t<\/section>\n\t\t\t\t<section class=\"elementor-section elementor-top-section elementor-element elementor-element-0bbf9a8 elementor-section-boxed elementor-section-height-default elementor-section-height-default\" data-id=\"0bbf9a8\" data-element_type=\"section\">\n\t\t\t\t\t\t<div class=\"elementor-container elementor-column-gap-default\">\n\t\t\t\t\t\t\t<div class=\"elementor-row\">\n\t\t\t\t\t<div class=\"elementor-column elementor-col-100 elementor-top-column elementor-element elementor-element-f75df11\" data-id=\"f75df11\" data-element_type=\"column\">\n\t\t\t<div class=\"elementor-column-wrap elementor-element-populated\">\n\t\t\t\t\t\t\t<div class=\"elementor-widget-wrap\">\n\t\t\t\t\t\t<div class=\"elementor-element elementor-element-e2e0fe1 elementor-widget elementor-widget-heading\" data-id=\"e2e0fe1\" data-element_type=\"widget\" data-widget_type=\"heading.default\">\n\t\t\t\t<div class=\"elementor-widget-container\">\n\t\t\t<h2 class=\"elementor-heading-title elementor-size-default\">Po\u0161aljite nam poruku<\/h2>\t\t<\/div>\n\t\t\t\t<\/div>\n\t\t\t\t<div class=\"elementor-element elementor-element-0fd4baa elementor-widget elementor-widget-text-editor\" data-id=\"0fd4baa\" data-element_type=\"widget\" data-widget_type=\"text-editor.default\">\n\t\t\t\t<div class=\"elementor-widget-container\">\n\t\t\t\t\t\t\t\t<div class=\"elementor-text-editor elementor-clearfix\">\n\t\t\t\t<p>Ako imate pitanja, slobodno nas kontaktirajte.<\/p>\t\t\t\t\t<\/div>\n\t\t\t\t\t\t<\/div>\n\t\t\t\t<\/div>\n\t\t\t\t<div class=\"elementor-element elementor-element-3aebceb elementor-widget elementor-widget-shortcode\" data-id=\"3aebceb\" data-element_type=\"widget\" data-widget_type=\"shortcode.default\">\n\t\t\t\t<div class=\"elementor-widget-container\">\n\t\t\t\t\t<div class=\"elementor-shortcode\">\n<div class=\"wpcf7 no-js\" id=\"wpcf7-f13223-o1\" lang=\"en-US\" dir=\"ltr\">\n<div class=\"screen-reader-response\"><p role=\"status\" aria-live=\"polite\" aria-atomic=\"true\"><\/p> <ul><\/ul><\/div>\n<form action=\"\/hr\/wp-json\/wp\/v2\/pages\/13124#wpcf7-f13223-o1\" method=\"post\" class=\"wpcf7-form init\" aria-label=\"Contact form\" novalidate=\"novalidate\" data-status=\"init\">\n<div style=\"display: none;\">\n<input type=\"hidden\" name=\"_wpcf7\" value=\"13223\" \/>\n<input type=\"hidden\" name=\"_wpcf7_version\" value=\"5.7.7\" \/>\n<input type=\"hidden\" name=\"_wpcf7_locale\" value=\"en_US\" \/>\n<input type=\"hidden\" name=\"_wpcf7_unit_tag\" value=\"wpcf7-f13223-o1\" \/>\n<input type=\"hidden\" name=\"_wpcf7_container_post\" value=\"0\" \/>\n<input type=\"hidden\" name=\"_wpcf7_posted_data_hash\" value=\"\" \/>\n<input type=\"hidden\" name=\"_wpcf7_recaptcha_response\" value=\"\" \/>\n<\/div>\n<div class=\"layout-gap-20 text-center\">\n  <div class=\"cols-2 grid-wrapper\">\n    <div class=\"grid-item\">\n      <div class=\"form-item\"><span class=\"wpcf7-form-control-wrap\" data-name=\"your-name\"><input size=\"40\" class=\"wpcf7-form-control wpcf7-text wpcf7-validates-as-required form-control text-center\" aria-required=\"true\" aria-invalid=\"false\" placeholder=\"Ime\" value=\"\" type=\"text\" name=\"your-name\" \/><\/span><\/div> \n    <\/div>\n    <div class=\"grid-item\">\n      <div class=\"form-item\"><span class=\"wpcf7-form-control-wrap\" data-name=\"your-company\"><input size=\"40\" class=\"wpcf7-form-control wpcf7-text wpcf7-validates-as-required form-control text-center\" aria-required=\"true\" aria-invalid=\"false\" placeholder=\"Predmet\" value=\"\" type=\"text\" name=\"your-company\" \/><\/span><\/div>\n    <\/div>\n  <\/div>\n  <div class=\"cols-2 grid-wrapper\">\n    <div class=\"grid-item\">\n      <div class=\"form-item\"><span class=\"wpcf7-form-control-wrap\" data-name=\"your-email\"><input size=\"40\" class=\"wpcf7-form-control wpcf7-text wpcf7-email wpcf7-validates-as-required wpcf7-validates-as-email form-control text-center\" aria-required=\"true\" aria-invalid=\"false\" placeholder=\"E-mail\" value=\"\" type=\"email\" name=\"your-email\" \/><\/span><\/div>\n    <\/div>\n    <div class=\"grid-item\">\n      <div class=\"form-item\"><span class=\"wpcf7-form-control-wrap\" data-name=\"your-phone\"><input size=\"40\" class=\"wpcf7-form-control wpcf7-text wpcf7-tel wpcf7-validates-as-required wpcf7-validates-as-tel form-control text-center\" aria-required=\"true\" aria-invalid=\"false\" placeholder=\"Broj telefona\" value=\"\" type=\"tel\" name=\"your-phone\" \/><\/span><\/div> \n    <\/div>\n  <\/div>\n  <div class=\"cols-1 grid-wrapper\">\n    <div class=\"grid-item\">\n      <div class=\"textarea form-item\"><span class=\"wpcf7-form-control-wrap\" data-name=\"your-message\"><textarea cols=\"40\" rows=\"6\" class=\"wpcf7-form-control wpcf7-textarea form-control text-center\" aria-invalid=\"false\" placeholder=\"Va\u0161a poruka\" name=\"your-message\"><\/textarea><\/span><\/div>\n    <\/div>\n  <\/div>\n  <div class=\"mt-30 text-center\"><input class=\"wpcf7-form-control has-spinner wpcf7-submit theme_button wide_button inverse color1 medium_height\" type=\"submit\" value=\"Po\u0161aljite poruku\" \/><\/div>\n<\/div><div class=\"wpcf7-response-output\" aria-hidden=\"true\"><\/div>\n<\/form>\n<\/div>\n<\/div>\n\t\t\t\t<\/div>\n\t\t\t\t<\/div>\n\t\t\t\t\t\t<\/div>\n\t\t\t\t\t<\/div>\n\t\t<\/div>\n\t\t\t\t\t\t\t\t<\/div>\n\t\t\t\t\t<\/div>\n\t\t<\/section>\n\t\t\t\t<section class=\"elementor-section elementor-top-section elementor-element elementor-element-d15b5d0 elementor-section-full_width elementor-section-stretched elementor-section-height-default elementor-section-height-default\" data-id=\"d15b5d0\" data-element_type=\"section\" data-settings=\"{&quot;stretch_section&quot;:&quot;section-stretched&quot;}\">\n\t\t\t\t\t\t<div class=\"elementor-container elementor-column-gap-no\">\n\t\t\t\t\t\t\t<div class=\"elementor-row\">\n\t\t\t\t\t<div class=\"elementor-column elementor-col-100 elementor-top-column elementor-element elementor-element-5f7d61c\" data-id=\"5f7d61c\" data-element_type=\"column\">\n\t\t\t<div class=\"elementor-column-wrap elementor-element-populated\">\n\t\t\t\t\t\t\t<div class=\"elementor-widget-wrap\">\n\t\t\t\t\t\t<div class=\"elementor-element elementor-element-7b44e9f elementor-widget elementor-widget-google_maps\" data-id=\"7b44e9f\" data-element_type=\"widget\" data-widget_type=\"google_maps.default\">\n\t\t\t\t<div class=\"elementor-widget-container\">\n\t\t\t\t\t<div class=\"elementor-custom-embed\">\n\t\t\t<iframe loading=\"lazy\"\n\t\t\t\t\tsrc=\"https:\/\/maps.google.com\/maps?q=Fra%20Vandelina%20Vasilja%2017&#038;t=m&#038;z=16&#038;output=embed&#038;iwloc=near\"\n\t\t\t\t\ttitle=\"Fra Vandelina Vasilja 17\"\n\t\t\t\t\taria-label=\"Fra Vandelina Vasilja 17\"\n\t\t\t><\/iframe>\n\t\t<\/div>\n\t\t\t\t<\/div>\n\t\t\t\t<\/div>\n\t\t\t\t\t\t<\/div>\n\t\t\t\t\t<\/div>\n\t\t<\/div>\n\t\t\t\t\t\t\t\t<\/div>\n\t\t\t\t\t<\/div>\n\t\t<\/section>\n\t\t\t\t\t\t\t\t\t<\/div>\n\t\t\t<\/div>\n\t\t\t\t\t<\/div>\n\t\t","protected":false},"excerpt":{"rendered":"<p>&nbsp; Nazovite nas \u00a0+387 63 660 500 Pi\u0161ite nam info@programit.ba Posjetite nas Fra Vandelina Vasilja 17,Me\u0111ugorje Po\u0161aljite nam poruku Ako imate pitanja, slobodno nas kontaktirajte.<\/p>\n","protected":false},"author":1,"featured_media":0,"parent":0,"menu_order":0,"comment_status":"closed","ping_status":"closed","template":"page-templates\/full-width.php","meta":{"footnotes":""},"class_list":["post-13124","page","type-page","status-publish","hentry"],"aioseo_notices":[],"_links":{"self":[{"href":"https:\/\/programit.ba\/hr\/wp-json\/wp\/v2\/pages\/13124","targetHints":{"allow":["GET"]}}],"collection":[{"href":"https:\/\/programit.ba\/hr\/wp-json\/wp\/v2\/pages"}],"about":[{"href":"https:\/\/programit.ba\/hr\/wp-json\/wp\/v2\/types\/page"}],"author":[{"embeddable":true,"href":"https:\/\/programit.ba\/hr\/wp-json\/wp\/v2\/users\/1"}],"replies":[{"embeddable":true,"href":"https:\/\/programit.ba\/hr\/wp-json\/wp\/v2\/comments?post=13124"}],"version-history":[{"count":23,"href":"https:\/\/programit.ba\/hr\/wp-json\/wp\/v2\/pages\/13124\/revisions"}],"predecessor-version":[{"id":13294,"href":"https:\/\/programit.ba\/hr\/wp-json\/wp\/v2\/pages\/13124\/revisions\/13294"}],"wp:attachment":[{"href":"https:\/\/programit.ba\/hr\/wp-json\/wp\/v2\/media?parent=13124"}],"curies":[{"name":"wp","href":"https:\/\/api.w.org\/{rel}","templated":true}]}}