{"id":13106,"date":"2023-05-29T09:44:58","date_gmt":"2023-05-29T07:44:58","guid":{"rendered":"https:\/\/programit.ba\/home\/"},"modified":"2024-01-10T17:22:02","modified_gmt":"2024-01-10T16:22:02","slug":"home","status":"publish","type":"page","link":"https:\/\/programit.ba\/hr\/","title":{"rendered":"Po\u010detna"},"content":{"rendered":"\t\t<div data-elementor-type=\"wp-page\" data-elementor-id=\"13106\" class=\"elementor elementor-13106 elementor-9566\">\n\t\t\t\t\t\t<div class=\"elementor-inner\">\n\t\t\t\t<div class=\"elementor-section-wrap\">\n\t\t\t\t\t\t\t\t\t<section class=\"elementor-section elementor-top-section elementor-element elementor-element-1c01302b elementor-section-full_width elementor-section-stretched elementor-section-height-default elementor-section-height-default\" data-id=\"1c01302b\" data-element_type=\"section\" data-settings=\"{&quot;stretch_section&quot;:&quot;section-stretched&quot;}\">\n\t\t\t\t\t\t<div class=\"elementor-container elementor-column-gap-default\">\n\t\t\t\t\t\t\t<div class=\"elementor-row\">\n\t\t\t\t\t<div class=\"elementor-column elementor-col-100 elementor-top-column elementor-element elementor-element-70abceaf\" data-id=\"70abceaf\" data-element_type=\"column\">\n\t\t\t<div class=\"elementor-column-wrap elementor-element-populated\">\n\t\t\t\t\t\t\t<div class=\"elementor-widget-wrap\">\n\t\t\t\t\t\t<div class=\"elementor-element elementor-element-5b107dab elementor-widget elementor-widget-main-slider\" data-id=\"5b107dab\" data-element_type=\"widget\" data-settings=\"{&quot;slide_layer_1_image_animation&quot;:&quot;fadeIn2&quot;,&quot;slide_layer_2_image_animation&quot;:&quot;fadeInUp&quot;,&quot;slide_layer_1_animation&quot;:&quot;fadeInDown&quot;,&quot;slide_layer_2_animation&quot;:&quot;fadeInUp&quot;,&quot;slide_layer_3_animation&quot;:&quot;fadeInLeft&quot;,&quot;slide_button_animation&quot;:&quot;fadeInRight&quot;,&quot;slide_layer_1_image_animation_delay&quot;:100,&quot;slide_layer_2_image_animation_delay&quot;:1800,&quot;slide_layer_3_animation_delay&quot;:900,&quot;slide_button_animation_delay&quot;:1200,&quot;slide_layer_1_animation_delay&quot;:300,&quot;slide_layer_2_animation_delay&quot;:600,&quot;nav_layout&quot;:&quot;nav-layout-2&quot;,&quot;data_animationloop&quot;:&quot;yes&quot;,&quot;data_animation&quot;:&quot;fade&quot;,&quot;data_pauseonhover&quot;:&quot;yes&quot;,&quot;data_nav&quot;:&quot;yes&quot;}\" data-widget_type=\"main-slider.default\">\n\t\t\t\t<div class=\"elementor-widget-container\">\n\t\t\t        <div class=\"mwt-elementor-main-slider-container\">\n                        <div class=\"flexslider main-slider  nav-layout-2 nav-h-orientation-center   \" data-slideshow=\"\" data-slideshowspeed=\"\" data-animationloop=\"1\" data-animation=\"fade\" data-pauseonhover=\"1\" data-nav=\"yes\" data-dots=\"yes\" data-layer1animation=\"fadeInDown\" data-layer2animation=\"fadeInUp\" data-layer3animation=\"fadeInLeft\" data-layer4animation=\"\" data-buttonanimation=\"fadeInRight\" data-layer1imageanimation=\"fadeIn2\" data-layer2imageanimation=\"fadeInUp\" data-layer1imagedelay=\"100\" data-layer2imagedelay=\"1800\" data-layer1delay=\"300\" data-layer2delay=\"600\" data-layer3delay=\"900\" data-layer4delay=\"\" data-buttondelay=\"1200\">\n                <ul class=\"slides\">\n                                            <li class=\"\">\n                            <img decoding=\"async\" class=\"mwt-elementor-main-slider-image\" src=\"https:\/\/programit.ba\/wp-content\/uploads\/2023\/06\/img_38.jpg\" alt=\"img_38\" \/><img decoding=\"async\" class=\"mwt-elementor-main-slider-image-middle mwt-elementor-main-slider-image-animation layer_middle_bottom   middle-hide-mobile\" src=\"https:\/\/programit.ba\/wp-content\/uploads\/2023\/06\/line-startup-1.png\" alt=\"line-startup\" \/>                            <div class=\"container slider-content intro_layers\">\n                                <div class=\"slide_description_wrapper\">\n                                    <div class=\"slide_description\">\n                                        <div class=\"slide_layers\">\n                                            <h2 class=\"mwt-elementor-main-slider-layer-1 \">Program IT<\/h2><h1 class=\"mwt-elementor-main-slider-layer-2 \">Startup<\/h1><div class=\"mwt-elementor-main-slider-layer-3 \">Dobrodo\u0161li u ProgramIT, va\u0161eg partnera za vrhunske usluge programiranja.<\/div><div class=\"mwt-elementor-main-slider-buttons-wrap \"><a class=\"mwt-elementor-main-slider-button\" href=\"https:\/\/programit.ba\/hr\/o-nama\/\">ZAPO\u010cNITE<\/a> <\/div>                                        <\/div>\n                                    <\/div>\n                                <\/div>\n                            <\/div>\n                                                            <ul class=\"slider-social-list  \">\n                                                                    <\/ul>\n                                                    <\/li>\n                                    <\/ul>\n            <\/div>\n                    <\/div>\n\t\t<\/div>\n\t\t\t\t<\/div>\n\t\t\t\t\t\t<\/div>\n\t\t\t\t\t<\/div>\n\t\t<\/div>\n\t\t\t\t\t\t\t\t<\/div>\n\t\t\t\t\t<\/div>\n\t\t<\/section>\n\t\t\t\t<section class=\"elementor-section elementor-top-section elementor-element elementor-element-cfc3fd2 elementor-section-stretched elementor-section-boxed elementor-section-height-default elementor-section-height-default\" data-id=\"cfc3fd2\" data-element_type=\"section\" data-settings=\"{&quot;background_background&quot;:&quot;classic&quot;,&quot;stretch_section&quot;:&quot;section-stretched&quot;}\">\n\t\t\t\t\t\t<div class=\"elementor-container elementor-column-gap-default\">\n\t\t\t\t\t\t\t<div class=\"elementor-row\">\n\t\t\t\t\t<div class=\"elementor-column elementor-col-50 elementor-top-column elementor-element elementor-element-09c0eef\" data-id=\"09c0eef\" data-element_type=\"column\">\n\t\t\t<div class=\"elementor-column-wrap elementor-element-populated\">\n\t\t\t\t\t\t\t<div class=\"elementor-widget-wrap\">\n\t\t\t\t\t\t<div class=\"elementor-element elementor-element-d4b8db8 elementor-invisible elementor-widget elementor-widget-heading\" data-id=\"d4b8db8\" data-element_type=\"widget\" data-settings=\"{&quot;_animation&quot;:&quot;fadeInDown&quot;}\" data-widget_type=\"heading.default\">\n\t\t\t\t<div class=\"elementor-widget-container\">\n\t\t\t<h2 class=\"elementor-heading-title elementor-size-default\">Tko smo mi<\/h2>\t\t<\/div>\n\t\t\t\t<\/div>\n\t\t\t\t<div class=\"elementor-element elementor-element-44cd225 elementor-widget elementor-widget-spacer\" data-id=\"44cd225\" data-element_type=\"widget\" data-widget_type=\"spacer.default\">\n\t\t\t\t<div class=\"elementor-widget-container\">\n\t\t\t\t\t<div class=\"elementor-spacer\">\n\t\t\t<div class=\"elementor-spacer-inner\"><\/div>\n\t\t<\/div>\n\t\t\t\t<\/div>\n\t\t\t\t<\/div>\n\t\t\t\t<div class=\"elementor-element elementor-element-23301a6 elementor-widget elementor-widget-spacer\" data-id=\"23301a6\" data-element_type=\"widget\" data-widget_type=\"spacer.default\">\n\t\t\t\t<div class=\"elementor-widget-container\">\n\t\t\t\t\t<div class=\"elementor-spacer\">\n\t\t\t<div class=\"elementor-spacer-inner\"><\/div>\n\t\t<\/div>\n\t\t\t\t<\/div>\n\t\t\t\t<\/div>\n\t\t\t\t<div class=\"elementor-element elementor-element-42d60b8 elementor-widget elementor-widget-text-editor\" data-id=\"42d60b8\" data-element_type=\"widget\" data-widget_type=\"text-editor.default\">\n\t\t\t\t<div class=\"elementor-widget-container\">\n\t\t\t\t\t\t\t\t<div class=\"elementor-text-editor elementor-clearfix\">\n\t\t\t\t\t\t\t\t\t<\/div>\n\t\t\t\t\t\t<\/div>\n\t\t\t\t<\/div>\n\t\t\t\t<div class=\"elementor-element elementor-element-ec37e82 elementor-invisible elementor-widget elementor-widget-text-editor\" data-id=\"ec37e82\" data-element_type=\"widget\" data-settings=\"{&quot;_animation&quot;:&quot;fadeIn&quot;}\" data-widget_type=\"text-editor.default\">\n\t\t\t\t<div class=\"elementor-widget-container\">\n\t\t\t\t\t\t\t\t<div class=\"elementor-text-editor elementor-clearfix\">\n\t\t\t\t<p>Dobrodo\u0161li u ProgramIT, va\u0161eg partnera za vrhunske usluge programiranja.<br \/>Od svog osnutka u lipnju 2023., fokusirani smo na pru\u017eanje vrhunske stru\u010dnosti u podru\u010dju programiranja i povezanih usluga, a na\u0161 portfelj obuhva\u0107a \u0161irok raspon usluga, uklju\u010duju\u0107i:<\/p>\t\t\t\t\t<\/div>\n\t\t\t\t\t\t<\/div>\n\t\t\t\t<\/div>\n\t\t\t\t<div class=\"elementor-element elementor-element-1c111b2 elementor-widget elementor-widget-spacer\" data-id=\"1c111b2\" data-element_type=\"widget\" data-widget_type=\"spacer.default\">\n\t\t\t\t<div class=\"elementor-widget-container\">\n\t\t\t\t\t<div class=\"elementor-spacer\">\n\t\t\t<div class=\"elementor-spacer-inner\"><\/div>\n\t\t<\/div>\n\t\t\t\t<\/div>\n\t\t\t\t<\/div>\n\t\t\t\t<div class=\"elementor-element elementor-element-156aac4 elementor-widget elementor-widget-button\" data-id=\"156aac4\" data-element_type=\"widget\" data-widget_type=\"button.default\">\n\t\t\t\t<div class=\"elementor-widget-container\">\n\t\t\t\t\t<div class=\"elementor-button-wrapper\">\n\t\t\t<a class=\"elementor-button elementor-button-link elementor-size-sm\" href=\"https:\/\/programit.ba\/hr\/o-nama\/\">\n\t\t\t\t\t\t<span class=\"elementor-button-content-wrapper\">\n\t\t\t\t\t\t<span class=\"elementor-button-text\">O NAMA<\/span>\n\t\t<\/span>\n\t\t\t\t\t<\/a>\n\t\t<\/div>\n\t\t\t\t<\/div>\n\t\t\t\t<\/div>\n\t\t\t\t\t\t<\/div>\n\t\t\t\t\t<\/div>\n\t\t<\/div>\n\t\t\t\t<div class=\"elementor-column elementor-col-50 elementor-top-column elementor-element elementor-element-97b9cb6\" data-id=\"97b9cb6\" data-element_type=\"column\">\n\t\t\t<div class=\"elementor-column-wrap elementor-element-populated\">\n\t\t\t\t\t\t\t<div class=\"elementor-widget-wrap\">\n\t\t\t\t\t\t<div class=\"elementor-element elementor-element-c7390ff elementor-hidden-widescreen elementor-hidden-desktop elementor-widget elementor-widget-spacer\" data-id=\"c7390ff\" data-element_type=\"widget\" data-widget_type=\"spacer.default\">\n\t\t\t\t<div class=\"elementor-widget-container\">\n\t\t\t\t\t<div class=\"elementor-spacer\">\n\t\t\t<div class=\"elementor-spacer-inner\"><\/div>\n\t\t<\/div>\n\t\t\t\t<\/div>\n\t\t\t\t<\/div>\n\t\t\t\t\t\t<\/div>\n\t\t\t\t\t<\/div>\n\t\t<\/div>\n\t\t\t\t\t\t\t\t<\/div>\n\t\t\t\t\t<\/div>\n\t\t<\/section>\n\t\t\t\t<section class=\"elementor-section elementor-top-section elementor-element elementor-element-969c5af elementor-section-stretched elementor-section-boxed elementor-section-height-default elementor-section-height-default\" data-id=\"969c5af\" data-element_type=\"section\" data-settings=\"{&quot;stretch_section&quot;:&quot;section-stretched&quot;}\">\n\t\t\t\t\t\t<div class=\"elementor-container elementor-column-gap-default\">\n\t\t\t\t\t\t\t<div class=\"elementor-row\">\n\t\t\t\t\t<div class=\"elementor-column elementor-col-100 elementor-top-column elementor-element elementor-element-cc1bd9c\" data-id=\"cc1bd9c\" data-element_type=\"column\">\n\t\t\t<div class=\"elementor-column-wrap elementor-element-populated\">\n\t\t\t\t\t\t\t<div class=\"elementor-widget-wrap\">\n\t\t\t\t\t\t<div class=\"elementor-element elementor-element-f148073 elementor-widget elementor-widget-spacer\" data-id=\"f148073\" data-element_type=\"widget\" data-widget_type=\"spacer.default\">\n\t\t\t\t<div class=\"elementor-widget-container\">\n\t\t\t\t\t<div class=\"elementor-spacer\">\n\t\t\t<div class=\"elementor-spacer-inner\"><\/div>\n\t\t<\/div>\n\t\t\t\t<\/div>\n\t\t\t\t<\/div>\n\t\t\t\t\t\t<\/div>\n\t\t\t\t\t<\/div>\n\t\t<\/div>\n\t\t\t\t\t\t\t\t<\/div>\n\t\t\t\t\t<\/div>\n\t\t<\/section>\n\t\t\t\t<section class=\"elementor-section elementor-top-section elementor-element elementor-element-91477b7 elementor-section-stretched elementor-section-boxed elementor-section-height-default elementor-section-height-default\" data-id=\"91477b7\" data-element_type=\"section\" data-settings=\"{&quot;stretch_section&quot;:&quot;section-stretched&quot;}\">\n\t\t\t\t\t\t<div class=\"elementor-container elementor-column-gap-default\">\n\t\t\t\t\t\t\t<div class=\"elementor-row\">\n\t\t\t\t\t<div class=\"elementor-column elementor-col-50 elementor-top-column elementor-element elementor-element-e53af37\" data-id=\"e53af37\" data-element_type=\"column\">\n\t\t\t<div class=\"elementor-column-wrap elementor-element-populated\">\n\t\t\t\t\t\t\t<div class=\"elementor-widget-wrap\">\n\t\t\t\t\t\t<div class=\"elementor-element elementor-element-72b6f1f elementor-invisible elementor-widget elementor-widget-heading\" data-id=\"72b6f1f\" data-element_type=\"widget\" data-settings=\"{&quot;_animation&quot;:&quot;fadeInDown&quot;}\" data-widget_type=\"heading.default\">\n\t\t\t\t<div class=\"elementor-widget-container\">\n\t\t\t<h2 class=\"elementor-heading-title elementor-size-default\">Usluge<\/h2>\t\t<\/div>\n\t\t\t\t<\/div>\n\t\t\t\t<div class=\"elementor-element elementor-element-2cc7a33 elementor-widget elementor-widget-spacer\" data-id=\"2cc7a33\" data-element_type=\"widget\" data-widget_type=\"spacer.default\">\n\t\t\t\t<div class=\"elementor-widget-container\">\n\t\t\t\t\t<div class=\"elementor-spacer\">\n\t\t\t<div class=\"elementor-spacer-inner\"><\/div>\n\t\t<\/div>\n\t\t\t\t<\/div>\n\t\t\t\t<\/div>\n\t\t\t\t<div class=\"elementor-element elementor-element-bdbcec1 elementor-widget elementor-widget-text-editor\" data-id=\"bdbcec1\" data-element_type=\"widget\" data-widget_type=\"text-editor.default\">\n\t\t\t\t<div class=\"elementor-widget-container\">\n\t\t\t\t\t\t\t\t<div class=\"elementor-text-editor elementor-clearfix\">\n\t\t\t\t<ul>\n \t<li style=\"text-align: left;\"><a href=\"https:\/\/programit.ba\/hr\/marketing\/\">Marketing<\/a><\/li>\n \t<li style=\"text-align: left;\"><a href=\"https:\/\/programit.ba\/hr\/razvoj\/\">Razvoj<\/a><\/li>\n \t<li style=\"text-align: left;\"><a href=\"https:\/\/programit.ba\/hr\/web-dizajn\/\">Web dizajn<\/a><\/li>\n \t<li style=\"text-align: left;\"><a href=\"https:\/\/programit.ba\/hr\/seo-optimizacija\/\">SEO optimizacija<\/a><\/li>\n \t<li style=\"text-align: left;\"><a href=\"https:\/\/programit.ba\/hr\/e-trgovina\/\">E-trgovina<\/a><\/li>\n \t<li style=\"text-align: left;\"><a href=\"https:\/\/programit.ba\/hr\/brendiranje\/\">Brendiranje<\/a><\/li>\n<\/ul>\t\t\t\t\t<\/div>\n\t\t\t\t\t\t<\/div>\n\t\t\t\t<\/div>\n\t\t\t\t\t\t<\/div>\n\t\t\t\t\t<\/div>\n\t\t<\/div>\n\t\t\t\t<div class=\"elementor-column elementor-col-50 elementor-top-column elementor-element elementor-element-b0ec557\" data-id=\"b0ec557\" data-element_type=\"column\">\n\t\t\t<div class=\"elementor-column-wrap elementor-element-populated\">\n\t\t\t\t\t\t\t<div class=\"elementor-widget-wrap\">\n\t\t\t\t\t\t<div class=\"elementor-element elementor-element-09c880a elementor-widget elementor-widget-image\" data-id=\"09c880a\" data-element_type=\"widget\" data-widget_type=\"image.default\">\n\t\t\t\t<div class=\"elementor-widget-container\">\n\t\t\t\t\t\t\t\t<div class=\"elementor-image\">\n\t\t\t\t\t\t\t\t\t\t\t\t<img loading=\"lazy\" decoding=\"async\" width=\"1024\" height=\"682\" src=\"https:\/\/programit.ba\/wp-content\/uploads\/2024\/01\/laptop-2620118_1280-1024x682.jpg\" class=\"attachment-large size-large wp-image-12739\" alt=\"\" srcset=\"https:\/\/programit.ba\/wp-content\/uploads\/2024\/01\/laptop-2620118_1280-1024x682.jpg 1024w, https:\/\/programit.ba\/wp-content\/uploads\/2024\/01\/laptop-2620118_1280-300x200.jpg 300w, https:\/\/programit.ba\/wp-content\/uploads\/2024\/01\/laptop-2620118_1280-768x512.jpg 768w, https:\/\/programit.ba\/wp-content\/uploads\/2024\/01\/laptop-2620118_1280-765x510.jpg 765w, https:\/\/programit.ba\/wp-content\/uploads\/2024\/01\/laptop-2620118_1280-1170x780.jpg 1170w, https:\/\/programit.ba\/wp-content\/uploads\/2024\/01\/laptop-2620118_1280.jpg 1280w\" sizes=\"auto, (max-width: 1024px) 100vw, 1024px\" \/>\t\t\t\t\t\t\t\t\t\t\t\t\t\t<\/div>\n\t\t\t\t\t\t<\/div>\n\t\t\t\t<\/div>\n\t\t\t\t\t\t<\/div>\n\t\t\t\t\t<\/div>\n\t\t<\/div>\n\t\t\t\t\t\t\t\t<\/div>\n\t\t\t\t\t<\/div>\n\t\t<\/section>\n\t\t\t\t<section class=\"elementor-section elementor-top-section elementor-element elementor-element-adf2b99 elementor-section-stretched elementor-section-boxed elementor-section-height-default elementor-section-height-default\" data-id=\"adf2b99\" data-element_type=\"section\" data-settings=\"{&quot;stretch_section&quot;:&quot;section-stretched&quot;}\">\n\t\t\t\t\t\t<div class=\"elementor-container elementor-column-gap-default\">\n\t\t\t\t\t\t\t<div class=\"elementor-row\">\n\t\t\t\t\t<div class=\"elementor-column elementor-col-100 elementor-top-column elementor-element elementor-element-4421ad1\" data-id=\"4421ad1\" data-element_type=\"column\">\n\t\t\t<div class=\"elementor-column-wrap elementor-element-populated\">\n\t\t\t\t\t\t\t<div class=\"elementor-widget-wrap\">\n\t\t\t\t\t\t<div class=\"elementor-element elementor-element-c5eac69 elementor-widget elementor-widget-spacer\" data-id=\"c5eac69\" data-element_type=\"widget\" data-widget_type=\"spacer.default\">\n\t\t\t\t<div class=\"elementor-widget-container\">\n\t\t\t\t\t<div class=\"elementor-spacer\">\n\t\t\t<div class=\"elementor-spacer-inner\"><\/div>\n\t\t<\/div>\n\t\t\t\t<\/div>\n\t\t\t\t<\/div>\n\t\t\t\t<div class=\"elementor-element elementor-element-c13dd85 elementor-widget elementor-widget-heading\" data-id=\"c13dd85\" data-element_type=\"widget\" data-widget_type=\"heading.default\">\n\t\t\t\t<div class=\"elementor-widget-container\">\n\t\t\t<h2 class=\"elementor-heading-title elementor-size-default\">Po\u0161aljite nam poruku<\/h2>\t\t<\/div>\n\t\t\t\t<\/div>\n\t\t\t\t<div class=\"elementor-element elementor-element-688a43d elementor-widget elementor-widget-text-editor\" data-id=\"688a43d\" data-element_type=\"widget\" data-widget_type=\"text-editor.default\">\n\t\t\t\t<div class=\"elementor-widget-container\">\n\t\t\t\t\t\t\t\t<div class=\"elementor-text-editor elementor-clearfix\">\n\t\t\t\t<p>Ako imate pitanja, slobodno nas kontaktirajte.<\/p>\t\t\t\t\t<\/div>\n\t\t\t\t\t\t<\/div>\n\t\t\t\t<\/div>\n\t\t\t\t<div class=\"elementor-element elementor-element-5764d9f elementor-widget elementor-widget-shortcode\" data-id=\"5764d9f\" data-element_type=\"widget\" data-widget_type=\"shortcode.default\">\n\t\t\t\t<div class=\"elementor-widget-container\">\n\t\t\t\t\t<div class=\"elementor-shortcode\">\n<div class=\"wpcf7 no-js\" id=\"wpcf7-f13223-o1\" lang=\"en-US\" dir=\"ltr\">\n<div class=\"screen-reader-response\"><p role=\"status\" aria-live=\"polite\" aria-atomic=\"true\"><\/p> <ul><\/ul><\/div>\n<form action=\"\/hr\/wp-json\/wp\/v2\/pages\/13106#wpcf7-f13223-o1\" method=\"post\" class=\"wpcf7-form init\" aria-label=\"Contact form\" novalidate=\"novalidate\" data-status=\"init\">\n<div style=\"display: none;\">\n<input type=\"hidden\" name=\"_wpcf7\" value=\"13223\" \/>\n<input type=\"hidden\" name=\"_wpcf7_version\" value=\"5.7.7\" \/>\n<input type=\"hidden\" name=\"_wpcf7_locale\" value=\"en_US\" \/>\n<input type=\"hidden\" name=\"_wpcf7_unit_tag\" value=\"wpcf7-f13223-o1\" \/>\n<input type=\"hidden\" name=\"_wpcf7_container_post\" value=\"0\" \/>\n<input type=\"hidden\" name=\"_wpcf7_posted_data_hash\" value=\"\" \/>\n<input type=\"hidden\" name=\"_wpcf7_recaptcha_response\" value=\"\" \/>\n<\/div>\n<div class=\"layout-gap-20 text-center\">\n  <div class=\"cols-2 grid-wrapper\">\n    <div class=\"grid-item\">\n      <div class=\"form-item\"><span class=\"wpcf7-form-control-wrap\" data-name=\"your-name\"><input size=\"40\" class=\"wpcf7-form-control wpcf7-text wpcf7-validates-as-required form-control text-center\" aria-required=\"true\" aria-invalid=\"false\" placeholder=\"Ime\" value=\"\" type=\"text\" name=\"your-name\" \/><\/span><\/div> \n    <\/div>\n    <div class=\"grid-item\">\n      <div class=\"form-item\"><span class=\"wpcf7-form-control-wrap\" data-name=\"your-company\"><input size=\"40\" class=\"wpcf7-form-control wpcf7-text wpcf7-validates-as-required form-control text-center\" aria-required=\"true\" aria-invalid=\"false\" placeholder=\"Predmet\" value=\"\" type=\"text\" name=\"your-company\" \/><\/span><\/div>\n    <\/div>\n  <\/div>\n  <div class=\"cols-2 grid-wrapper\">\n    <div class=\"grid-item\">\n      <div class=\"form-item\"><span class=\"wpcf7-form-control-wrap\" data-name=\"your-email\"><input size=\"40\" class=\"wpcf7-form-control wpcf7-text wpcf7-email wpcf7-validates-as-required wpcf7-validates-as-email form-control text-center\" aria-required=\"true\" aria-invalid=\"false\" placeholder=\"E-mail\" value=\"\" type=\"email\" name=\"your-email\" \/><\/span><\/div>\n    <\/div>\n    <div class=\"grid-item\">\n      <div class=\"form-item\"><span class=\"wpcf7-form-control-wrap\" data-name=\"your-phone\"><input size=\"40\" class=\"wpcf7-form-control wpcf7-text wpcf7-tel wpcf7-validates-as-required wpcf7-validates-as-tel form-control text-center\" aria-required=\"true\" aria-invalid=\"false\" placeholder=\"Broj telefona\" value=\"\" type=\"tel\" name=\"your-phone\" \/><\/span><\/div> \n    <\/div>\n  <\/div>\n  <div class=\"cols-1 grid-wrapper\">\n    <div class=\"grid-item\">\n      <div class=\"textarea form-item\"><span class=\"wpcf7-form-control-wrap\" data-name=\"your-message\"><textarea cols=\"40\" rows=\"6\" class=\"wpcf7-form-control wpcf7-textarea form-control text-center\" aria-invalid=\"false\" placeholder=\"Va\u0161a poruka\" name=\"your-message\"><\/textarea><\/span><\/div>\n    <\/div>\n  <\/div>\n  <div class=\"mt-30 text-center\"><input class=\"wpcf7-form-control has-spinner wpcf7-submit theme_button wide_button inverse color1 medium_height\" type=\"submit\" value=\"Po\u0161aljite poruku\" \/><\/div>\n<\/div><div class=\"wpcf7-response-output\" aria-hidden=\"true\"><\/div>\n<\/form>\n<\/div>\n<\/div>\n\t\t\t\t<\/div>\n\t\t\t\t<\/div>\n\t\t\t\t\t\t<\/div>\n\t\t\t\t\t<\/div>\n\t\t<\/div>\n\t\t\t\t\t\t\t\t<\/div>\n\t\t\t\t\t<\/div>\n\t\t<\/section>\n\t\t\t\t\t\t\t\t\t<\/div>\n\t\t\t<\/div>\n\t\t\t\t\t<\/div>\n\t\t","protected":false},"excerpt":{"rendered":"<p>Program IT Startup Dobrodo\u0161li u ProgramIT, va\u0161eg partnera za vrhunske usluge programiranja.ZAPO\u010cNITE Tko smo mi Dobrodo\u0161li u ProgramIT, va\u0161eg partnera za vrhunske usluge programiranja. Od svog osnutka u lipnju 2023., fokusirani smo na pru\u017eanje vrhunske stru\u010dnosti u podru\u010dju programiranja i povezanih usluga, a na\u0161 portfelj obuhva\u0107a \u0161irok raspon usluga, uklju\u010duju\u0107i:<span class=\"more-dots\">&#8230;<\/span><\/p>\n","protected":false},"author":1,"featured_media":0,"parent":0,"menu_order":0,"comment_status":"closed","ping_status":"closed","template":"","meta":{"footnotes":""},"class_list":["post-13106","page","type-page","status-publish","hentry"],"aioseo_notices":[],"_links":{"self":[{"href":"https:\/\/programit.ba\/hr\/wp-json\/wp\/v2\/pages\/13106","targetHints":{"allow":["GET"]}}],"collection":[{"href":"https:\/\/programit.ba\/hr\/wp-json\/wp\/v2\/pages"}],"about":[{"href":"https:\/\/programit.ba\/hr\/wp-json\/wp\/v2\/types\/page"}],"author":[{"embeddable":true,"href":"https:\/\/programit.ba\/hr\/wp-json\/wp\/v2\/users\/1"}],"replies":[{"embeddable":true,"href":"https:\/\/programit.ba\/hr\/wp-json\/wp\/v2\/comments?post=13106"}],"version-history":[{"count":24,"href":"https:\/\/programit.ba\/hr\/wp-json\/wp\/v2\/pages\/13106\/revisions"}],"predecessor-version":[{"id":13300,"href":"https:\/\/programit.ba\/hr\/wp-json\/wp\/v2\/pages\/13106\/revisions\/13300"}],"wp:attachment":[{"href":"https:\/\/programit.ba\/hr\/wp-json\/wp\/v2\/media?parent=13106"}],"curies":[{"name":"wp","href":"https:\/\/api.w.org\/{rel}","templated":true}]}}