{"id":13098,"date":"2023-02-18T14:44:23","date_gmt":"2023-02-18T14:44:23","guid":{"rendered":"https:\/\/programit.ba\/about\/"},"modified":"2024-01-10T17:21:12","modified_gmt":"2024-01-10T16:21:12","slug":"o-nama","status":"publish","type":"page","link":"https:\/\/programit.ba\/hr\/o-nama\/","title":{"rendered":"O nama"},"content":{"rendered":"\t\t<div data-elementor-type=\"wp-page\" data-elementor-id=\"13098\" class=\"elementor elementor-13098 elementor-1277\">\n\t\t\t\t\t\t<div class=\"elementor-inner\">\n\t\t\t\t<div class=\"elementor-section-wrap\">\n\t\t\t\t\t\t\t\t\t<section class=\"elementor-section elementor-top-section elementor-element elementor-element-8acaf67 elementor-section-full_width elementor-section-stretched elementor-hidden-tablet elementor-hidden-mobile elementor-section-height-default elementor-section-height-default\" data-id=\"8acaf67\" data-element_type=\"section\" data-settings=\"{&quot;stretch_section&quot;:&quot;section-stretched&quot;}\">\n\t\t\t\t\t\t<div class=\"elementor-container elementor-column-gap-default\">\n\t\t\t\t\t\t\t<div class=\"elementor-row\">\n\t\t\t\t\t<div class=\"elementor-column elementor-col-50 elementor-top-column elementor-element elementor-element-6e8a24e\" data-id=\"6e8a24e\" data-element_type=\"column\">\n\t\t\t<div class=\"elementor-column-wrap elementor-element-populated\">\n\t\t\t\t\t\t\t<div class=\"elementor-widget-wrap\">\n\t\t\t\t\t\t<div class=\"elementor-element elementor-element-549e21f elementor-absolute elementor-widget elementor-widget-heading\" data-id=\"549e21f\" data-element_type=\"widget\" data-settings=\"{&quot;_position&quot;:&quot;absolute&quot;}\" data-widget_type=\"heading.default\">\n\t\t\t\t<div class=\"elementor-widget-container\">\n\t\t\t<h2 class=\"elementor-heading-title elementor-size-xxl\">O nama<\/h2>\t\t<\/div>\n\t\t\t\t<\/div>\n\t\t\t\t\t\t<\/div>\n\t\t\t\t\t<\/div>\n\t\t<\/div>\n\t\t\t\t<div class=\"elementor-column elementor-col-50 elementor-top-column elementor-element elementor-element-e4f9864\" data-id=\"e4f9864\" data-element_type=\"column\">\n\t\t\t<div class=\"elementor-column-wrap elementor-element-populated\">\n\t\t\t\t\t\t\t<div class=\"elementor-widget-wrap\">\n\t\t\t\t\t\t<div class=\"elementor-element elementor-element-a39bf05 elementor-widget elementor-widget-text-editor\" data-id=\"a39bf05\" data-element_type=\"widget\" data-widget_type=\"text-editor.default\">\n\t\t\t\t<div class=\"elementor-widget-container\">\n\t\t\t\t\t\t\t\t<div class=\"elementor-text-editor elementor-clearfix\">\n\t\t\t\t<p style=\"text-align: left;\">Dobrodo\u0161li u ProgramIT, va\u0161eg partnera za vrhunske usluge programiranja.<br \/>Od svog osnutka u lipnju 2023. fokusirani smo na pru\u017eanje vrhunske stru\u010dnosti u podru\u010dju programiranja i povezanih usluga, a na\u0161 portfelj obuhva\u0107a \u0161irok raspon usluga, uklju\u010duju\u0107i:<\/p>\t\t\t\t\t<\/div>\n\t\t\t\t\t\t<\/div>\n\t\t\t\t<\/div>\n\t\t\t\t<div class=\"elementor-element elementor-element-7146e0c elementor-widget elementor-widget-spacer\" data-id=\"7146e0c\" data-element_type=\"widget\" data-widget_type=\"spacer.default\">\n\t\t\t\t<div class=\"elementor-widget-container\">\n\t\t\t\t\t<div class=\"elementor-spacer\">\n\t\t\t<div class=\"elementor-spacer-inner\"><\/div>\n\t\t<\/div>\n\t\t\t\t<\/div>\n\t\t\t\t<\/div>\n\t\t\t\t<div class=\"elementor-element elementor-element-dbb9d61 elementor-widget elementor-widget-text-editor\" data-id=\"dbb9d61\" data-element_type=\"widget\" data-widget_type=\"text-editor.default\">\n\t\t\t\t<div class=\"elementor-widget-container\">\n\t\t\t\t\t\t\t\t<div class=\"elementor-text-editor elementor-clearfix\">\n\t\t\t\t<p style=\"text-align: left;\">Programiranje: Specijalizirani smo za backend i frontend razvoj i ponosno sura\u0111ujemo s renomiranim tvrtkama kao \u0161to su Tahoma d.o.o., Sensorium i Eviden.<br \/>SEO optimizacija: Na\u0161 tim stru\u010dnjaka posve\u0107en je optimizaciji va\u0161e prisutnosti na webu, daju\u0107i vam bolju vidljivost i pove\u0107avaju\u0107i va\u0161 doseg.<\/p>\t\t\t\t\t<\/div>\n\t\t\t\t\t\t<\/div>\n\t\t\t\t<\/div>\n\t\t\t\t<div class=\"elementor-element elementor-element-3c3d735 elementor-widget__width-initial elementor-widget elementor-widget-text-editor\" data-id=\"3c3d735\" data-element_type=\"widget\" data-widget_type=\"text-editor.default\">\n\t\t\t\t<div class=\"elementor-widget-container\">\n\t\t\t\t\t\t\t\t<div class=\"elementor-text-editor elementor-clearfix\">\n\t\t\t\t<p style=\"text-align: left;\">Web dizajn: Kreativnost i funkcionalnost spajaju se u na\u0161em pristupu dizajnu, stvaraju\u0107i atraktivna i intuitivna korisni\u010dka su\u010delja.<br \/>Upravljanje dru\u0161tvenim medijima: Shva\u0107amo va\u017enost online prisutnosti, stoga vam pru\u017eamo stru\u010dno upravljanje dru\u0161tvenim medijima kako biste postigli sna\u017enu interakciju s va\u0161om publikom.<br \/>Iako smo jo\u0161 uvijek mlada tvrtka, na\u0161a predanost stru\u010dnosti, ozbiljnosti i visokoj kvaliteti omogu\u0107uje nam izgradnju temelja povjerenja kod na\u0161ih klijenata. Na\u0161a vizija nije samo pru\u017eanje usluga, ve\u0107 i inspiriranje kroz inovativna rje\u0161enja, iskustva i strast za tehnologijom, stvaraju\u0107i vrijednosti koje definiraju budu\u0107nost IT sektora.<\/p>\t\t\t\t\t<\/div>\n\t\t\t\t\t\t<\/div>\n\t\t\t\t<\/div>\n\t\t\t\t<div class=\"elementor-element elementor-element-f8d8f16 elementor-widget elementor-widget-spacer\" data-id=\"f8d8f16\" data-element_type=\"widget\" data-widget_type=\"spacer.default\">\n\t\t\t\t<div class=\"elementor-widget-container\">\n\t\t\t\t\t<div class=\"elementor-spacer\">\n\t\t\t<div class=\"elementor-spacer-inner\"><\/div>\n\t\t<\/div>\n\t\t\t\t<\/div>\n\t\t\t\t<\/div>\n\t\t\t\t<div class=\"elementor-element elementor-element-3320030 elementor-widget elementor-widget-text-editor\" data-id=\"3320030\" data-element_type=\"widget\" data-widget_type=\"text-editor.default\">\n\t\t\t\t<div class=\"elementor-widget-container\">\n\t\t\t\t\t\t\t\t<div class=\"elementor-text-editor elementor-clearfix\">\n\t\t\t\t<p style=\"text-align: left;\">Svoju reputaciju s ponosom gradimo profesionalnim i stru\u010dnim pristupom svakom projektu, uvjereni da \u0107e na\u0161 timski duh i predanost rezultirati boljom IT budu\u0107no\u0161\u0107u za sve.<\/p>\t\t\t\t\t<\/div>\n\t\t\t\t\t\t<\/div>\n\t\t\t\t<\/div>\n\t\t\t\t\t\t<\/div>\n\t\t\t\t\t<\/div>\n\t\t<\/div>\n\t\t\t\t\t\t\t\t<\/div>\n\t\t\t\t\t<\/div>\n\t\t<\/section>\n\t\t\t\t<section class=\"elementor-section elementor-top-section elementor-element elementor-element-2a59736 elementor-section-full_width elementor-section-stretched elementor-hidden-widescreen elementor-hidden-desktop elementor-section-height-default elementor-section-height-default\" data-id=\"2a59736\" data-element_type=\"section\" data-settings=\"{&quot;stretch_section&quot;:&quot;section-stretched&quot;}\">\n\t\t\t\t\t\t<div class=\"elementor-container elementor-column-gap-default\">\n\t\t\t\t\t\t\t<div class=\"elementor-row\">\n\t\t\t\t\t<div class=\"elementor-column elementor-col-100 elementor-top-column elementor-element elementor-element-3550d2b\" data-id=\"3550d2b\" data-element_type=\"column\">\n\t\t\t<div class=\"elementor-column-wrap elementor-element-populated\">\n\t\t\t\t\t\t\t<div class=\"elementor-widget-wrap\">\n\t\t\t\t\t\t<div class=\"elementor-element elementor-element-dc07208 elementor-widget elementor-widget-heading\" data-id=\"dc07208\" data-element_type=\"widget\" data-widget_type=\"heading.default\">\n\t\t\t\t<div class=\"elementor-widget-container\">\n\t\t\t<h2 class=\"elementor-heading-title elementor-size-xxl\">O nama<\/h2>\t\t<\/div>\n\t\t\t\t<\/div>\n\t\t\t\t<div class=\"elementor-element elementor-element-ea8aa00 elementor-widget elementor-widget-text-editor\" data-id=\"ea8aa00\" data-element_type=\"widget\" data-widget_type=\"text-editor.default\">\n\t\t\t\t<div class=\"elementor-widget-container\">\n\t\t\t\t\t\t\t\t<div class=\"elementor-text-editor elementor-clearfix\">\n\t\t\t\t<p style=\"text-align: left;\">Dobrodo\u0161li u ProgramIT, va\u0161eg partnera za vrhunske usluge programiranja.<br \/>Od svog osnutka u lipnju 2023. fokusirani smo na pru\u017eanje vrhunske stru\u010dnosti u podru\u010dju programiranja i povezanih usluga, a na\u0161 portfelj obuhva\u0107a \u0161irok raspon usluga, uklju\u010duju\u0107i:<\/p>\t\t\t\t\t<\/div>\n\t\t\t\t\t\t<\/div>\n\t\t\t\t<\/div>\n\t\t\t\t<div class=\"elementor-element elementor-element-c1b12a3 elementor-widget elementor-widget-spacer\" data-id=\"c1b12a3\" data-element_type=\"widget\" data-widget_type=\"spacer.default\">\n\t\t\t\t<div class=\"elementor-widget-container\">\n\t\t\t\t\t<div class=\"elementor-spacer\">\n\t\t\t<div class=\"elementor-spacer-inner\"><\/div>\n\t\t<\/div>\n\t\t\t\t<\/div>\n\t\t\t\t<\/div>\n\t\t\t\t<div class=\"elementor-element elementor-element-7a440ea elementor-widget elementor-widget-text-editor\" data-id=\"7a440ea\" data-element_type=\"widget\" data-widget_type=\"text-editor.default\">\n\t\t\t\t<div class=\"elementor-widget-container\">\n\t\t\t\t\t\t\t\t<div class=\"elementor-text-editor elementor-clearfix\">\n\t\t\t\t<p style=\"text-align: left;\">Programiranje: Specijalizirani smo za backend i frontend razvoj i ponosno sura\u0111ujemo s renomiranim tvrtkama kao \u0161to su Tahoma d.o.o., Sensorium i Eviden.<br \/>SEO optimizacija: Na\u0161 tim stru\u010dnjaka posve\u0107en je optimizaciji va\u0161e prisutnosti na webu, daju\u0107i vam bolju vidljivost i pove\u0107avaju\u0107i va\u0161 doseg.<\/p>\t\t\t\t\t<\/div>\n\t\t\t\t\t\t<\/div>\n\t\t\t\t<\/div>\n\t\t\t\t<div class=\"elementor-element elementor-element-99e0c04 elementor-widget__width-initial elementor-widget elementor-widget-text-editor\" data-id=\"99e0c04\" data-element_type=\"widget\" data-widget_type=\"text-editor.default\">\n\t\t\t\t<div class=\"elementor-widget-container\">\n\t\t\t\t\t\t\t\t<div class=\"elementor-text-editor elementor-clearfix\">\n\t\t\t\t<p style=\"text-align: left;\">Web dizajn: Kreativnost i funkcionalnost spajaju se u na\u0161em pristupu dizajnu, stvaraju\u0107i atraktivna i intuitivna korisni\u010dka su\u010delja.<br \/>Upravljanje dru\u0161tvenim medijima: Shva\u0107amo va\u017enost online prisutnosti, stoga vam pru\u017eamo stru\u010dno upravljanje dru\u0161tvenim medijima kako biste postigli sna\u017enu interakciju s va\u0161om publikom.<br \/>Iako smo jo\u0161 uvijek mlada tvrtka, na\u0161a predanost stru\u010dnosti, ozbiljnosti i visokoj kvaliteti omogu\u0107uje nam izgradnju temelja povjerenja kod na\u0161ih klijenata. Na\u0161a vizija nije samo pru\u017eanje usluga, ve\u0107 i inspiriranje kroz inovativna rje\u0161enja, iskustva i strast za tehnologijom, stvaraju\u0107i vrijednosti koje definiraju budu\u0107nost IT sektora.<\/p>\t\t\t\t\t<\/div>\n\t\t\t\t\t\t<\/div>\n\t\t\t\t<\/div>\n\t\t\t\t<div class=\"elementor-element elementor-element-35ed4ba elementor-widget elementor-widget-spacer\" data-id=\"35ed4ba\" data-element_type=\"widget\" data-widget_type=\"spacer.default\">\n\t\t\t\t<div class=\"elementor-widget-container\">\n\t\t\t\t\t<div class=\"elementor-spacer\">\n\t\t\t<div class=\"elementor-spacer-inner\"><\/div>\n\t\t<\/div>\n\t\t\t\t<\/div>\n\t\t\t\t<\/div>\n\t\t\t\t<div class=\"elementor-element elementor-element-42d281d elementor-widget elementor-widget-text-editor\" data-id=\"42d281d\" data-element_type=\"widget\" data-widget_type=\"text-editor.default\">\n\t\t\t\t<div class=\"elementor-widget-container\">\n\t\t\t\t\t\t\t\t<div class=\"elementor-text-editor elementor-clearfix\">\n\t\t\t\t<p style=\"text-align: left;\">Svoju reputaciju s ponosom gradimo profesionalnim i stru\u010dnim pristupom svakom projektu, uvjereni da \u0107e na\u0161 timski duh i predanost rezultirati boljom IT budu\u0107no\u0161\u0107u za sve.<\/p>\t\t\t\t\t<\/div>\n\t\t\t\t\t\t<\/div>\n\t\t\t\t<\/div>\n\t\t\t\t\t\t<\/div>\n\t\t\t\t\t<\/div>\n\t\t<\/div>\n\t\t\t\t\t\t\t\t<\/div>\n\t\t\t\t\t<\/div>\n\t\t<\/section>\n\t\t\t\t<section class=\"elementor-section elementor-top-section elementor-element elementor-element-1b6fdc6 elementor-section-boxed elementor-section-height-default elementor-section-height-default\" data-id=\"1b6fdc6\" data-element_type=\"section\">\n\t\t\t\t\t\t<div class=\"elementor-container elementor-column-gap-default\">\n\t\t\t\t\t\t\t<div class=\"elementor-row\">\n\t\t\t\t\t<div class=\"elementor-column elementor-col-100 elementor-top-column elementor-element elementor-element-e46c446\" data-id=\"e46c446\" data-element_type=\"column\">\n\t\t\t<div class=\"elementor-column-wrap elementor-element-populated\">\n\t\t\t\t\t\t\t<div class=\"elementor-widget-wrap\">\n\t\t\t\t\t\t<section class=\"elementor-section elementor-inner-section elementor-element elementor-element-f8e9968 elementor-section-boxed elementor-section-height-default elementor-section-height-default\" data-id=\"f8e9968\" data-element_type=\"section\">\n\t\t\t\t\t\t<div class=\"elementor-container elementor-column-gap-default\">\n\t\t\t\t\t\t\t<div class=\"elementor-row\">\n\t\t\t\t\t<div class=\"elementor-column elementor-col-33 elementor-inner-column elementor-element elementor-element-e39c92d\" data-id=\"e39c92d\" data-element_type=\"column\">\n\t\t\t<div class=\"elementor-column-wrap elementor-element-populated\">\n\t\t\t\t\t\t\t<div class=\"elementor-widget-wrap\">\n\t\t\t\t\t\t<div class=\"elementor-element elementor-element-7d8fba0 elementor-view-stacked elementor-shape-circle elementor-widget elementor-widget-icon\" data-id=\"7d8fba0\" data-element_type=\"widget\" data-widget_type=\"icon.default\">\n\t\t\t\t<div class=\"elementor-widget-container\">\n\t\t\t\t\t<div class=\"elementor-icon-wrapper\">\n\t\t\t<div class=\"elementor-icon elementor-animation-pop\">\n\t\t\t<svg xmlns=\"http:\/\/www.w3.org\/2000\/svg\" width=\"1024\" height=\"1024\" viewBox=\"0 0 1024 1024\"><path d=\"M995.52 906.752c-6.432-4.256-123.136-80.8-296.736-118.368 63.68-80.672 104.576-189.184 121.952-261.408 24.128-100.096 14.752-295.936-81.376-417.984-56.192-71.328-134.816-108.992-227.36-108.992s-171.168 37.696-227.328 108.992c-96.128 122.016-105.472 317.856-81.376 417.952 17.376 72.224 58.24 180.736 121.952 261.408-173.6 37.568-290.304 114.112-296.704 118.368-23.456 15.616-33.952 44.8-25.76 71.744 8.128 27.040 33.056 45.536 61.216 45.536h896c28.192 0 53.056-18.496 61.248-45.504 8.224-26.944-2.272-56.128-25.728-71.744zM648.544 748.736l-10.432 13.248c-76.32 87.68-175.84 87.68-252.128 0l-10.464-13.248c-89.12-112.928-133.344-262.304-114.304-404.8 17.44-136.928 95.904-279.936 250.784-279.936s233.376 143.040 250.816 279.968c18.976 142.56-25.088 291.776-114.272 404.768zM64 960c4.416-2.944 112.832-74.048 274.752-109.056l79.488-17.184c28.384 18.624 59.52 30.24 93.76 30.24 34.272 0 65.376-11.616 93.76-30.24l79.488 17.184c160.64 34.752 268.672 105.056 274.752 109.056h-896z\"><\/path><\/svg>\t\t\t<\/div>\n\t\t<\/div>\n\t\t\t\t<\/div>\n\t\t\t\t<\/div>\n\t\t\t\t<div class=\"elementor-element elementor-element-02123db elementor-widget elementor-widget-heading\" data-id=\"02123db\" data-element_type=\"widget\" data-widget_type=\"heading.default\">\n\t\t\t\t<div class=\"elementor-widget-container\">\n\t\t\t<h2 class=\"elementor-heading-title elementor-size-default\">Tko smo mi<\/h2>\t\t<\/div>\n\t\t\t\t<\/div>\n\t\t\t\t<div class=\"elementor-element elementor-element-f83b117 elementor-widget elementor-widget-text-editor\" data-id=\"f83b117\" data-element_type=\"widget\" data-widget_type=\"text-editor.default\">\n\t\t\t\t<div class=\"elementor-widget-container\">\n\t\t\t\t\t\t\t\t<div class=\"elementor-text-editor elementor-clearfix\">\n\t\t\t\t<p>IT tvrtka sastavljena od profesionalnih IT stru\u010dnjaka koji \u010dine glavni tim tvrtke. Na\u0161 tim vam pru\u017ea stru\u010dno vodstvo i upravljanje nekoliko IT aplikacija.<\/p>\t\t\t\t\t<\/div>\n\t\t\t\t\t\t<\/div>\n\t\t\t\t<\/div>\n\t\t\t\t\t\t<\/div>\n\t\t\t\t\t<\/div>\n\t\t<\/div>\n\t\t\t\t<div class=\"elementor-column elementor-col-33 elementor-inner-column elementor-element elementor-element-2403aa7\" data-id=\"2403aa7\" data-element_type=\"column\">\n\t\t\t<div class=\"elementor-column-wrap elementor-element-populated\">\n\t\t\t\t\t\t\t<div class=\"elementor-widget-wrap\">\n\t\t\t\t\t\t<div class=\"elementor-element elementor-element-dfc6f59 elementor-view-stacked elementor-shape-circle elementor-widget elementor-widget-icon\" data-id=\"dfc6f59\" data-element_type=\"widget\" data-widget_type=\"icon.default\">\n\t\t\t\t<div class=\"elementor-widget-container\">\n\t\t\t\t\t<div class=\"elementor-icon-wrapper\">\n\t\t\t<div class=\"elementor-icon elementor-animation-pop\">\n\t\t\t<svg xmlns=\"http:\/\/www.w3.org\/2000\/svg\" width=\"1024\" height=\"1024\" viewBox=\"0 0 1024 1024\"><path d=\"M1005.248 309.664l-162.56-162.592c-12-12-28.32-18.752-45.248-18.752h-570.848c-16.96 0-33.248 6.752-45.248 18.752l-162.56 162.592c-12.576 12.544-18.848 29.088-18.784 45.664 0.096 15.040 5.472 30.048 16.192 42.112l447.968 477.056c12.16 13.696 29.568 21.504 47.84 21.504s35.68-7.808 47.808-21.504l448-477.056c10.944-12.32 16.32-27.744 16.192-43.136-0.128-16.192-6.432-32.32-18.752-44.64zM583.008 352.32h-142.048l71.040-59.168 71.008 59.168zM537.024 272.32l87.424-72.896 64.576 64.576-81.024 67.488-70.976-59.168zM416 331.488l-81.024-67.488 64.576-64.576 87.456 72.896-71.008 59.168zM591.68 384.32l-79.68 398.496-79.68-398.496h159.36zM624.32 384.32h156.992l-235.488 392.608 78.496-392.608zM632.928 352.32l78.816-65.632 65.632 65.632h-144.448zM662.624 192.32h112.384l-61.312 51.104-51.072-51.104zM512 251.52l-71.040-59.2h142.016l-70.976 59.2zM310.272 243.424l-61.312-51.104h112.416l-51.104 51.104zM312.256 286.688l78.784 65.632h-144.416l65.632-65.632zM399.68 384.32l78.496 392.608-235.52-392.608h157.024zM406.528 719.616l-314.88-335.296h113.728l201.152 335.296zM818.624 384.32h113.76l-314.944 335.36 201.184-335.36zM822.624 352.32l-86.176-86.176 73.504-61.28 147.424 147.456h-134.752zM213.952 204.8l73.632 61.344-86.208 86.176h-137.184l149.76-147.52z\"><\/path><\/svg>\t\t\t<\/div>\n\t\t<\/div>\n\t\t\t\t<\/div>\n\t\t\t\t<\/div>\n\t\t\t\t<div class=\"elementor-element elementor-element-3470459 elementor-widget elementor-widget-heading\" data-id=\"3470459\" data-element_type=\"widget\" data-widget_type=\"heading.default\">\n\t\t\t\t<div class=\"elementor-widget-container\">\n\t\t\t<h2 class=\"elementor-heading-title elementor-size-default\">\u0160to radimo<\/h2>\t\t<\/div>\n\t\t\t\t<\/div>\n\t\t\t\t<div class=\"elementor-element elementor-element-c948364 elementor-widget elementor-widget-text-editor\" data-id=\"c948364\" data-element_type=\"widget\" data-widget_type=\"text-editor.default\">\n\t\t\t\t<div class=\"elementor-widget-container\">\n\t\t\t\t\t\t\t\t<div class=\"elementor-text-editor elementor-clearfix\">\n\t\t\t\t<p>Nudimo niz tehni\u010dkih i dodatnih usluga kao \u0161to su pru\u017eanje stru\u010dnih savjeta, rje\u0161avanje problema, sprje\u010davanje budu\u0107ih problema te upravljanje dru\u0161tvenim medijima i marketing.<\/p>\t\t\t\t\t<\/div>\n\t\t\t\t\t\t<\/div>\n\t\t\t\t<\/div>\n\t\t\t\t\t\t<\/div>\n\t\t\t\t\t<\/div>\n\t\t<\/div>\n\t\t\t\t<div class=\"elementor-column elementor-col-33 elementor-inner-column elementor-element elementor-element-097050c\" data-id=\"097050c\" data-element_type=\"column\">\n\t\t\t<div class=\"elementor-column-wrap elementor-element-populated\">\n\t\t\t\t\t\t\t<div class=\"elementor-widget-wrap\">\n\t\t\t\t\t\t<div class=\"elementor-element elementor-element-74285bb elementor-view-stacked elementor-shape-circle elementor-widget elementor-widget-icon\" data-id=\"74285bb\" data-element_type=\"widget\" data-widget_type=\"icon.default\">\n\t\t\t\t<div class=\"elementor-widget-container\">\n\t\t\t\t\t<div class=\"elementor-icon-wrapper\">\n\t\t\t<div class=\"elementor-icon elementor-animation-pop\">\n\t\t\t<svg xmlns=\"http:\/\/www.w3.org\/2000\/svg\" width=\"1024\" height=\"1024\" viewBox=\"0 0 1024 1024\"><path d=\"M933.248 335.104c-40-10.496-134.048-10.368-271.616-14.016 6.496-30.016 8-57.088 8-105.152 0-114.816-83.648-215.936-157.632-215.936-52.256 0-95.328 42.72-96 95.264-0.704 64.448-20.64 175.744-128 232.192-7.872 4.16-30.4 15.264-33.696 16.704l1.696 1.44c-16.8-14.496-40.096-25.6-64-25.6h-96c-52.928 0-96 43.072-96 96v512c0 52.928 43.072 96 96 96h96c38.080 0 69.952-23.008 85.376-55.264 0.384 0.128 1.056 0.32 1.504 0.384 2.112 0.576 4.608 1.184 7.648 1.984 0.576 0.16 0.864 0.224 1.472 0.384 18.432 4.576 53.92 13.056 129.76 30.496 16.256 3.712 102.144 22.016 191.104 22.016h174.944c53.312 0 91.744-20.512 114.624-61.696 0.32-0.64 7.68-15.008 13.696-34.432 4.512-14.624 6.176-35.328 0.736-56.32 34.368-23.616 45.44-59.328 52.64-82.56 12.064-38.112 8.448-66.752 0.064-87.264 19.328-18.24 35.808-46.048 42.752-88.512 4.32-26.304-0.32-53.376-12.448-75.904 18.112-20.352 26.368-45.952 27.328-69.632l0.384-6.688c0.224-4.192 0.416-6.784 0.416-16 0-40.416-28-91.968-90.752-109.888zM224 928c0 17.696-14.304 32-32 32h-96c-17.696 0-32-14.304-32-32v-512c0-17.696 14.304-32 32-32h96c17.696 0 32 14.304 32 32v512zM959.264 465.12c-0.64 15.808-7.264 46.88-63.264 46.88-48 0-64 0-64 0-8.864 0-16 7.168-16 16s7.136 16 16 16c0 0 14.016 0 62.016 0s54.304 39.808 51.2 59.008c-3.968 23.872-15.168 68.992-69.216 68.992-53.984 0-76 0-76 0-8.864 0-16 7.136-16 16 0 8.8 7.136 16 16 16 0 0 38.016 0 63.008 0 54.016 0 49.248 41.184 41.504 65.76-10.208 32.288-16.448 62.24-84.512 62.24-23.008 0-52.192 0-52.192 0-8.864 0-16 7.136-16 16 0 8.8 7.136 16 16 16 0 0 22.176 0 50.176 0 35.008 0 36.64 33.12 32.992 44.992-4 12.992-8.736 22.624-8.928 23.072-9.664 17.44-25.248 27.936-58.24 27.936h-174.944c-87.872 0-175.040-19.936-177.28-20.448-132.928-30.624-139.936-32.992-148.288-35.36 0 0-27.072-4.576-27.072-28.192l-0.224-441.984c0-15.008 9.568-28.576 25.408-33.344 1.984-0.768 4.672-1.6 6.592-2.4 146.176-60.544 190.688-193.28 192-302.272 0.192-15.328 12-32 32-32 33.824 0 93.632 67.904 93.632 151.936 0 75.872-3.072 88.992-29.632 168.064 320 0 317.76 4.608 345.984 12 35.008 10.016 38.016 39.008 38.016 48.992 0 10.976-0.32 9.376-0.736 20.128zM144 832c-26.496 0-48 21.504-48 48s21.504 48 48 48 48-21.504 48-48-21.504-48-48-48zM144 896c-8.8 0-16-7.2-16-16s7.2-16 16-16 16 7.2 16 16-7.2 16-16 16z\"><\/path><\/svg>\t\t\t<\/div>\n\t\t<\/div>\n\t\t\t\t<\/div>\n\t\t\t\t<\/div>\n\t\t\t\t<div class=\"elementor-element elementor-element-b84f018 elementor-widget elementor-widget-heading\" data-id=\"b84f018\" data-element_type=\"widget\" data-widget_type=\"heading.default\">\n\t\t\t\t<div class=\"elementor-widget-container\">\n\t\t\t<h2 class=\"elementor-heading-title elementor-size-default\">Za\u0161to to radimo<\/h2>\t\t<\/div>\n\t\t\t\t<\/div>\n\t\t\t\t<div class=\"elementor-element elementor-element-fda4be6 elementor-widget elementor-widget-text-editor\" data-id=\"fda4be6\" data-element_type=\"widget\" data-widget_type=\"text-editor.default\">\n\t\t\t\t<div class=\"elementor-widget-container\">\n\t\t\t\t\t\t\t\t<div class=\"elementor-text-editor elementor-clearfix\">\n\t\t\t\t<p>\u017delimo iskoristiti svoje vje\u0161tine i znanje kako bismo drugima olak\u0161ali i u\u010dinili produktivnijim poslove. Svatko od nas voli ono \u0161to radi i osje\u0107amo da taj duh poma\u017ee preto\u010diti u kvalitetu na\u0161eg rada.<\/p>\t\t\t\t\t<\/div>\n\t\t\t\t\t\t<\/div>\n\t\t\t\t<\/div>\n\t\t\t\t\t\t<\/div>\n\t\t\t\t\t<\/div>\n\t\t<\/div>\n\t\t\t\t\t\t\t\t<\/div>\n\t\t\t\t\t<\/div>\n\t\t<\/section>\n\t\t\t\t\t\t<\/div>\n\t\t\t\t\t<\/div>\n\t\t<\/div>\n\t\t\t\t\t\t\t\t<\/div>\n\t\t\t\t\t<\/div>\n\t\t<\/section>\n\t\t\t\t<section class=\"elementor-section elementor-top-section elementor-element elementor-element-80eef7d elementor-section-full_width elementor-section-stretched elementor-section-height-default elementor-section-height-default\" data-id=\"80eef7d\" data-element_type=\"section\" data-settings=\"{&quot;stretch_section&quot;:&quot;section-stretched&quot;}\">\n\t\t\t\t\t\t<div class=\"elementor-container elementor-column-gap-default\">\n\t\t\t\t\t\t\t<div class=\"elementor-row\">\n\t\t\t\t\t<div class=\"elementor-column elementor-col-100 elementor-top-column elementor-element elementor-element-35e683f\" data-id=\"35e683f\" data-element_type=\"column\">\n\t\t\t<div class=\"elementor-column-wrap elementor-element-populated\">\n\t\t\t\t\t\t\t<div class=\"elementor-widget-wrap\">\n\t\t\t\t\t\t<div class=\"elementor-element elementor-element-f79e09f elementor-widget elementor-widget-google_maps\" data-id=\"f79e09f\" data-element_type=\"widget\" data-widget_type=\"google_maps.default\">\n\t\t\t\t<div class=\"elementor-widget-container\">\n\t\t\t\t\t<div class=\"elementor-custom-embed\">\n\t\t\t<iframe loading=\"lazy\"\n\t\t\t\t\tsrc=\"https:\/\/maps.google.com\/maps?q=Fra%20Vandelina%20Vasilja%2017&#038;t=m&#038;z=16&#038;output=embed&#038;iwloc=near\"\n\t\t\t\t\ttitle=\"Fra Vandelina Vasilja 17\"\n\t\t\t\t\taria-label=\"Fra Vandelina Vasilja 17\"\n\t\t\t><\/iframe>\n\t\t<\/div>\n\t\t\t\t<\/div>\n\t\t\t\t<\/div>\n\t\t\t\t\t\t<\/div>\n\t\t\t\t\t<\/div>\n\t\t<\/div>\n\t\t\t\t\t\t\t\t<\/div>\n\t\t\t\t\t<\/div>\n\t\t<\/section>\n\t\t\t\t\t\t\t\t\t<\/div>\n\t\t\t<\/div>\n\t\t\t\t\t<\/div>\n\t\t","protected":false},"excerpt":{"rendered":"<p>O nama Dobrodo\u0161li u ProgramIT, va\u0161eg partnera za vrhunske usluge programiranja. Od svog osnutka u lipnju 2023. fokusirani smo na pru\u017eanje vrhunske stru\u010dnosti u podru\u010dju programiranja i povezanih usluga, a na\u0161 portfelj obuhva\u0107a \u0161irok raspon usluga, uklju\u010duju\u0107i: Programiranje: Specijalizirani smo za backend i frontend razvoj i ponosno sura\u0111ujemo s renomiranim<span class=\"more-dots\">&#8230;<\/span><\/p>\n","protected":false},"author":1,"featured_media":0,"parent":0,"menu_order":0,"comment_status":"closed","ping_status":"closed","template":"","meta":{"footnotes":""},"class_list":["post-13098","page","type-page","status-publish","hentry"],"aioseo_notices":[],"_links":{"self":[{"href":"https:\/\/programit.ba\/hr\/wp-json\/wp\/v2\/pages\/13098","targetHints":{"allow":["GET"]}}],"collection":[{"href":"https:\/\/programit.ba\/hr\/wp-json\/wp\/v2\/pages"}],"about":[{"href":"https:\/\/programit.ba\/hr\/wp-json\/wp\/v2\/types\/page"}],"author":[{"embeddable":true,"href":"https:\/\/programit.ba\/hr\/wp-json\/wp\/v2\/users\/1"}],"replies":[{"embeddable":true,"href":"https:\/\/programit.ba\/hr\/wp-json\/wp\/v2\/comments?post=13098"}],"version-history":[{"count":9,"href":"https:\/\/programit.ba\/hr\/wp-json\/wp\/v2\/pages\/13098\/revisions"}],"predecessor-version":[{"id":13298,"href":"https:\/\/programit.ba\/hr\/wp-json\/wp\/v2\/pages\/13098\/revisions\/13298"}],"wp:attachment":[{"href":"https:\/\/programit.ba\/hr\/wp-json\/wp\/v2\/media?parent=13098"}],"curies":[{"name":"wp","href":"https:\/\/api.w.org\/{rel}","templated":true}]}}